{"id":9,"date":"2016-02-13T12:26:49","date_gmt":"2016-02-13T12:26:49","guid":{"rendered":"http:\/\/fuegoblanco.heyrobot.net\/?page_id=9"},"modified":"2019-08-20T21:52:43","modified_gmt":"2019-08-20T21:52:43","slug":"activities","status":"publish","type":"page","link":"https:\/\/fuegoblanco.com\/es\/activities\/","title":{"rendered":"Actividades"},"content":{"rendered":"<p>Fuera de las grandes ciudades, Andaluc\u00eda es una experiencia rica en la cultura espa\u00f1ola, fiestas, tapas, pueblos blancos, y una naturaleza id\u00edlica que hace de las caminatas una experiencia inimaginable. Tambi\u00e9n cuenta con un largo n\u00famero de actividades deportivas como senderismo, escalada de monta\u00f1a, ciclismo, paseos a caballos, golf, etc.<\/p>","protected":false},"excerpt":{"rendered":"<p>Fuera de las grandes ciudades, Andaluc\u00eda es una experiencia rica en la cultura espa\u00f1ola, fiestas, tapas, pueblos blancos, y una naturaleza id\u00edlica que hace de las caminatas una experiencia inimaginable. Tambi\u00e9n cuenta con un largo n\u00famero de actividades deportivas como senderismo, escalada de monta\u00f1a, ciclismo, paseos a caballos, golf, etc.<\/p>\n","protected":false},"author":1,"featured_media":157,"parent":0,"menu_order":0,"comment_status":"closed","ping_status":"closed","template":"page_activities.php","meta":{"_acf_changed":false,"_genesis_hide_title":false,"_genesis_hide_breadcrumbs":false,"_genesis_hide_singular_image":false,"_genesis_hide_footer_widgets":false,"_genesis_custom_body_class":"","_genesis_custom_post_class":"","_genesis_layout":"","footnotes":""},"class_list":{"0":"post-9","1":"page","2":"type-page","3":"status-publish","4":"has-post-thumbnail","6":"entry"},"acf":[],"_links":{"self":[{"href":"https:\/\/fuegoblanco.com\/es\/wp-json\/wp\/v2\/pages\/9","targetHints":{"allow":["GET"]}}],"collection":[{"href":"https:\/\/fuegoblanco.com\/es\/wp-json\/wp\/v2\/pages"}],"about":[{"href":"https:\/\/fuegoblanco.com\/es\/wp-json\/wp\/v2\/types\/page"}],"author":[{"embeddable":true,"href":"https:\/\/fuegoblanco.com\/es\/wp-json\/wp\/v2\/users\/1"}],"replies":[{"embeddable":true,"href":"https:\/\/fuegoblanco.com\/es\/wp-json\/wp\/v2\/comments?post=9"}],"version-history":[{"count":5,"href":"https:\/\/fuegoblanco.com\/es\/wp-json\/wp\/v2\/pages\/9\/revisions"}],"predecessor-version":[{"id":866,"href":"https:\/\/fuegoblanco.com\/es\/wp-json\/wp\/v2\/pages\/9\/revisions\/866"}],"wp:featuredmedia":[{"embeddable":true,"href":"https:\/\/fuegoblanco.com\/es\/wp-json\/wp\/v2\/media\/157"}],"wp:attachment":[{"href":"https:\/\/fuegoblanco.com\/es\/wp-json\/wp\/v2\/media?parent=9"}],"curies":[{"name":"wp","href":"https:\/\/api.w.org\/{rel}","templated":true}]}}