{"id":7,"date":"2016-02-13T12:26:19","date_gmt":"2016-02-13T12:26:19","guid":{"rendered":"http:\/\/fuegoblanco.heyrobot.net\/?page_id=7"},"modified":"2022-08-17T20:43:47","modified_gmt":"2022-08-17T20:43:47","slug":"rooms","status":"publish","type":"page","link":"https:\/\/fuegoblanco.com\/es\/rooms\/","title":{"rendered":"Habitaciones"},"content":{"rendered":"<p>Tenemos en total 6 habitaciones disponibles en FuegoBlanco, las cu\u00e1les son en suite, tanto singles como dobles.<\/p>\n<h3>La suite con balc\u00f3n, 4-6 personas<\/h3>\n<p>Habitaci\u00f3n doble en suite (para 4-6 personas) con balc\u00f3n y gran sal\u00f3n con una sofa cama, desayuno inclu\u00eddo<br \/>\n<strong>216 euro + IVA (10%) por habitaci\u00f3n por noche. <\/strong>Suplemento de 50 euros por persona por mas de 4 personas.<strong><br \/>\n<\/strong><\/p>\n<h3>Habitacion para 4 personas<\/h3>\n<p>Habitaci\u00f3n con 2 dormitorias (para 4 personas)\u00a0 desayuno inclu\u00eddo<br \/>\n<strong>168 euro + IVA (10%) por habitaci\u00f3n por noche. <\/strong>Suplemento de 50 euros por persona por mas de 4 personas.<\/p>\n<h3>Habitaci\u00f3n doble<\/h3>\n<p>Habitaci\u00f3n con cama doble\/2 camas, ba\u00f1o y desayuno<br \/>\n<strong>108 euro +\u00a0 IVA (10%) por habitaci\u00f3n por noche.<\/strong><\/p>\n<h3>Habitaci\u00f3n single con balc\u00f3n<\/h3>\n<p>Habitaci\u00f3n single con ba\u00f1o, balc\u00f3n y desayuno<br \/>\n<strong>72 euro + IVA (10%) por habitaci\u00f3n por noche.<\/strong><\/p>\n<h5>Todas las habitaciones cuentan con<\/h5>\n<ul>\n<li>Ba\u00f1os- todas las habitaciones son en suite con duchas o ba\u00f1era<\/li>\n<li>Desayuno inclu\u00eddo<\/li>\n<li>WIFI<\/li>\n<li>Calefacci\u00f3n y aire acondicionado<\/li>\n<li>Ventiladores de techo<\/li>\n<li>Armarios empotrados<\/li>\n<\/ul>\n<h5>Otras \u00e1reas en el hostal<\/h5>\n<ul>\n<li>Sal\u00f3n en la parte de arriba con cafe, de t\u00e9 y una nevera con refrescos y bebidas.<\/li>\n<li>Otras habitaciones de invitados, recepci\u00f3n, gran sal\u00f3n y comedor, biblioteca<\/li>\n<li>No se fuma en las \u00e1reas cerradas del hotel.<\/li>\n<li>Se cobra un suplemento del 15% por estancias de una sola noche.<\/li>\n<\/ul>\n<p><div id='gallery-2' class='gallery galleryid-7 gallery-thumbnail'><dl class='gallery-item'><dt class='gallery-icon'><a href='https:\/\/fuegoblanco.com\/wp-content\/uploads\/2016\/04\/IMG_3148.jpg'><img class='dd' src='https:\/\/fuegoblanco.com\/wp-content\/uploads\/2016\/04\/IMG_3148-205x205.jpg'><\/a><\/dt><\/dl><dl class='gallery-item'><dt class='gallery-icon'><a href='https:\/\/fuegoblanco.com\/wp-content\/uploads\/2016\/04\/IMG_3093.jpg'><img class='dd' src='https:\/\/fuegoblanco.com\/wp-content\/uploads\/2016\/04\/IMG_3093-205x205.jpg'><\/a><\/dt><\/dl><dl class='gallery-item'><dt class='gallery-icon'><a href='https:\/\/fuegoblanco.com\/wp-content\/uploads\/2016\/07\/13734822_10154235562978257_1498558416_n.jpg'><img class='dd' src='https:\/\/fuegoblanco.com\/wp-content\/uploads\/2016\/07\/13734822_10154235562978257_1498558416_n-205x205.jpg'><\/a><\/dt><\/dl><dl class='gallery-item'><dt class='gallery-icon'><a href='https:\/\/fuegoblanco.com\/wp-content\/uploads\/2016\/04\/IMG_3078.jpg'><img class='dd' src='https:\/\/fuegoblanco.com\/wp-content\/uploads\/2016\/04\/IMG_3078-205x205.jpg'><\/a><\/dt><\/dl><dl class='gallery-item'><dt class='gallery-icon'><a href='https:\/\/fuegoblanco.com\/wp-content\/uploads\/2016\/04\/IMG_3059.jpg'><img class='dd' src='https:\/\/fuegoblanco.com\/wp-content\/uploads\/2016\/04\/IMG_3059-205x205.jpg'><\/a><\/dt><\/dl><dl class='gallery-item'><dt class='gallery-icon'><a href='https:\/\/fuegoblanco.com\/wp-content\/uploads\/2016\/04\/IMG_3053.jpg'><img class='dd' src='https:\/\/fuegoblanco.com\/wp-content\/uploads\/2016\/04\/IMG_3053-205x205.jpg'><\/a><\/dt><\/dl><dl class='gallery-item'><dt class='gallery-icon'><a href='https:\/\/fuegoblanco.com\/wp-content\/uploads\/2016\/04\/IMG_3039.jpg'><img class='dd' src='https:\/\/fuegoblanco.com\/wp-content\/uploads\/2016\/04\/IMG_3039-205x205.jpg'><\/a><\/dt><\/dl><dl class='gallery-item'><dt class='gallery-icon'><a href='https:\/\/fuegoblanco.com\/wp-content\/uploads\/2016\/08\/E65D76FB-4432-42B1-99E3-E94AA0801C6D.jpg'><img class='dd' src='https:\/\/fuegoblanco.com\/wp-content\/uploads\/2016\/08\/E65D76FB-4432-42B1-99E3-E94AA0801C6D-205x205.jpg'><\/a><\/dt><\/dl><dl class='gallery-item'><dt class='gallery-icon'><a href='https:\/\/fuegoblanco.com\/wp-content\/uploads\/2016\/07\/13706173_10154235562973257_1409234062_n.jpg'><img class='dd' src='https:\/\/fuegoblanco.com\/wp-content\/uploads\/2016\/07\/13706173_10154235562973257_1409234062_n-205x205.jpg'><\/a><\/dt><\/dl><dl class='gallery-item'><dt class='gallery-icon'><a href='https:\/\/fuegoblanco.com\/wp-content\/uploads\/2016\/04\/IMG_3030.jpg'><img class='dd' src='https:\/\/fuegoblanco.com\/wp-content\/uploads\/2016\/04\/IMG_3030-205x205.jpg'><\/a><\/dt><\/dl><dl class='gallery-item'><dt class='gallery-icon'><a href='https:\/\/fuegoblanco.com\/wp-content\/uploads\/2016\/04\/IMG_3014-3.jpg'><img class='dd' src='https:\/\/fuegoblanco.com\/wp-content\/uploads\/2016\/04\/IMG_3014-3-205x205.jpg'><\/a><\/dt><\/dl><dl class='gallery-item'><dt class='gallery-icon'><a href='https:\/\/fuegoblanco.com\/wp-content\/uploads\/2016\/04\/IMG_3546-3.jpg'><img class='dd' src='https:\/\/fuegoblanco.com\/wp-content\/uploads\/2016\/04\/IMG_3546-3-205x205.jpg'><\/a><\/dt><\/dl><dl class='gallery-item'><dt class='gallery-icon'><a href='https:\/\/fuegoblanco.com\/wp-content\/uploads\/2016\/04\/IMG_3109.jpg'><img class='dd' src='https:\/\/fuegoblanco.com\/wp-content\/uploads\/2016\/04\/IMG_3109-205x205.jpg'><\/a><\/dt><\/dl><dl class='gallery-item'><dt class='gallery-icon'><a href='https:\/\/fuegoblanco.com\/wp-content\/uploads\/2016\/04\/IMG_3544-2.jpg'><img class='dd' src='https:\/\/fuegoblanco.com\/wp-content\/uploads\/2016\/04\/IMG_3544-2-205x205.jpg'><\/a><\/dt><\/dl><dl class='gallery-item'><dt class='gallery-icon'><a href='https:\/\/fuegoblanco.com\/wp-content\/uploads\/2016\/04\/IMG_3077.jpg'><img class='dd' src='https:\/\/fuegoblanco.com\/wp-content\/uploads\/2016\/04\/IMG_3077-205x205.jpg'><\/a><\/dt><\/dl><dl class='gallery-item'><dt class='gallery-icon'><a href='https:\/\/fuegoblanco.com\/wp-content\/uploads\/2016\/04\/IMG_3138.jpg'><img class='dd' src='https:\/\/fuegoblanco.com\/wp-content\/uploads\/2016\/04\/IMG_3138-205x205.jpg'><\/a><\/dt><\/dl><dl class='gallery-item'><dt class='gallery-icon'><a href='https:\/\/fuegoblanco.com\/wp-content\/uploads\/2016\/04\/IMG_3086.jpg'><img class='dd' src='https:\/\/fuegoblanco.com\/wp-content\/uploads\/2016\/04\/IMG_3086-205x205.jpg'><\/a><\/dt><\/dl><dl class='gallery-item'><dt class='gallery-icon'><a href='https:\/\/fuegoblanco.com\/wp-content\/uploads\/2016\/04\/IMG_3505.jpg'><img class='dd' src='https:\/\/fuegoblanco.com\/wp-content\/uploads\/2016\/04\/IMG_3505-205x205.jpg'><\/a><\/dt><\/dl><dl class='gallery-item'><dt class='gallery-icon'><a href='https:\/\/fuegoblanco.com\/wp-content\/uploads\/2016\/04\/IMG_3165.jpg'><img class='dd' src='https:\/\/fuegoblanco.com\/wp-content\/uploads\/2016\/04\/IMG_3165-205x205.jpg'><\/a><\/dt><\/dl><dl class='gallery-item'><dt class='gallery-icon'><a href='https:\/\/fuegoblanco.com\/wp-content\/uploads\/2016\/04\/IMG_3001-2.jpg'><img class='dd' src='https:\/\/fuegoblanco.com\/wp-content\/uploads\/2016\/04\/IMG_3001-2-205x205.jpg'><\/a><\/dt><\/dl><dl class='gallery-item'><dt class='gallery-icon'><a href='https:\/\/fuegoblanco.com\/wp-content\/uploads\/2016\/04\/IMG_3026.jpg'><img class='dd' src='https:\/\/fuegoblanco.com\/wp-content\/uploads\/2016\/04\/IMG_3026-205x205.jpg'><\/a><\/dt><\/dl><dl class='gallery-item'><dt class='gallery-icon'><a href='https:\/\/fuegoblanco.com\/wp-content\/uploads\/2016\/04\/IMG_3589.jpg'><img class='dd' src='https:\/\/fuegoblanco.com\/wp-content\/uploads\/2016\/04\/IMG_3589-205x205.jpg'><\/a><\/dt><\/dl><\/div>\n<\/p>","protected":false},"excerpt":{"rendered":"<p>Tenemos en total 6 habitaciones disponibles en FuegoBlanco, las cu\u00e1les son en suite, tanto singles como dobles. La suite con balc\u00f3n, 4-6 personas Habitaci\u00f3n doble en suite (para 4-6 personas) con balc\u00f3n y gran sal\u00f3n con una sofa cama, desayuno inclu\u00eddo 216 euro + IVA (10%) por habitaci\u00f3n por noche. Suplemento de 50 euros por [&hellip;]<\/p>\n","protected":false},"author":1,"featured_media":877,"parent":0,"menu_order":0,"comment_status":"closed","ping_status":"closed","template":"","meta":{"_acf_changed":false,"_genesis_hide_title":false,"_genesis_hide_breadcrumbs":false,"_genesis_hide_singular_image":false,"_genesis_hide_footer_widgets":false,"_genesis_custom_body_class":"","_genesis_custom_post_class":"","_genesis_layout":"","footnotes":""},"class_list":{"0":"post-7","1":"page","2":"type-page","3":"status-publish","4":"has-post-thumbnail","6":"entry"},"acf":[],"_links":{"self":[{"href":"https:\/\/fuegoblanco.com\/es\/wp-json\/wp\/v2\/pages\/7","targetHints":{"allow":["GET"]}}],"collection":[{"href":"https:\/\/fuegoblanco.com\/es\/wp-json\/wp\/v2\/pages"}],"about":[{"href":"https:\/\/fuegoblanco.com\/es\/wp-json\/wp\/v2\/types\/page"}],"author":[{"embeddable":true,"href":"https:\/\/fuegoblanco.com\/es\/wp-json\/wp\/v2\/users\/1"}],"replies":[{"embeddable":true,"href":"https:\/\/fuegoblanco.com\/es\/wp-json\/wp\/v2\/comments?post=7"}],"version-history":[{"count":5,"href":"https:\/\/fuegoblanco.com\/es\/wp-json\/wp\/v2\/pages\/7\/revisions"}],"predecessor-version":[{"id":886,"href":"https:\/\/fuegoblanco.com\/es\/wp-json\/wp\/v2\/pages\/7\/revisions\/886"}],"wp:featuredmedia":[{"embeddable":true,"href":"https:\/\/fuegoblanco.com\/es\/wp-json\/wp\/v2\/media\/877"}],"wp:attachment":[{"href":"https:\/\/fuegoblanco.com\/es\/wp-json\/wp\/v2\/media?parent=7"}],"curies":[{"name":"wp","href":"https:\/\/api.w.org\/{rel}","templated":true}]}}