{"id":64,"date":"2016-02-18T17:42:29","date_gmt":"2016-02-18T17:42:29","guid":{"rendered":"http:\/\/fuegoblanco.heyrobot.net\/?page_id=64"},"modified":"2022-08-17T21:57:17","modified_gmt":"2022-08-17T21:57:17","slug":"about-us","status":"publish","type":"page","link":"https:\/\/fuegoblanco.com\/es\/about-us\/","title":{"rendered":"Nosotros"},"content":{"rendered":"<p>FuegoBlanco galardonado hotel rural y altamente calificado en Tripadvisor, est\u00e1 localizado en el fabuloso interior de M\u00e1laga, entre el pueblo blanco rural de \u00c1lora y el impresionante desfiladero de El Chorro.<\/p>\n<p>En nuestra peque\u00f1a casa rural tratamos de ser \u00abverdes\u00bb, ofrecer\u00a0 toques personales y un servicio de\u00a0 peque\u00f1o hotel rural independiente. Al mismo tiempo, nuestro alojamiento con amplios salones, terrazas, piscina y zonas ajardinadas, asegura la independencia y la privacidad de un hotel m\u00e1s grande.<\/p>\n<p>FuegoBlanco se encuentra a s\u00f3lo 30 minutos del aeropuerto de M\u00e1laga, pero nuestra localizaci\u00f3n es un mundo aparte de la Costa del Sol. Aqu\u00ed usted est\u00e1 rodeado de cantos de p\u00e1jaros, limoneros, naranjos y olivos org\u00e1nicos.<\/p>\n<p>En 2009 se plantaron alrededor de 400 \u00e1rboles, se a\u00f1adieron otros 500 \u00e1rboles m\u00e1s tarde y \u00e9sto hoy da un ambiente fant\u00e1stico y rom\u00e1ntico para pasear. El jard\u00edn tambi\u00e9n tiene plantado 60 olivos desde 2014 y dentro de los pr\u00f3ximos a\u00f1os dar\u00e1n a FuegoBlanco su propio aceite de oliva. Tambi\u00e9n tenemos un huerto org\u00e1nico y en las comidas se usan vegetales org\u00e1nicos, cultivados en casa, seg\u00fan la temporada.<\/p>\n<div id='gallery-3' class='gallery galleryid-64 gallery-thumbnail'><dl class='gallery-item'><dt class='gallery-icon'><a href='https:\/\/fuegoblanco.com\/wp-content\/uploads\/2016\/04\/IMG_3457.jpg'><img class='dd' src='https:\/\/fuegoblanco.com\/wp-content\/uploads\/2016\/04\/IMG_3457-205x205.jpg'><\/a><\/dt><\/dl><dl class='gallery-item'><dt class='gallery-icon'><a href='https:\/\/fuegoblanco.com\/wp-content\/uploads\/2016\/04\/IMG_3399.jpg'><img class='dd' src='https:\/\/fuegoblanco.com\/wp-content\/uploads\/2016\/04\/IMG_3399-205x205.jpg'><\/a><\/dt><\/dl><dl class='gallery-item'><dt class='gallery-icon'><a href='https:\/\/fuegoblanco.com\/wp-content\/uploads\/2016\/04\/IMG_3320.jpg'><img class='dd' src='https:\/\/fuegoblanco.com\/wp-content\/uploads\/2016\/04\/IMG_3320-205x205.jpg'><\/a><\/dt><\/dl><dl class='gallery-item'><dt class='gallery-icon'><a href='https:\/\/fuegoblanco.com\/wp-content\/uploads\/2016\/08\/P7250039.jpg'><img class='dd' src='https:\/\/fuegoblanco.com\/wp-content\/uploads\/2016\/08\/P7250039-205x205.jpg'><\/a><\/dt><\/dl><dl class='gallery-item'><dt class='gallery-icon'><a href='https:\/\/fuegoblanco.com\/wp-content\/uploads\/2016\/04\/blomst.jpg'><img class='dd' src='https:\/\/fuegoblanco.com\/wp-content\/uploads\/2016\/04\/blomst-205x205.jpg'><\/a><\/dt><\/dl><dl class='gallery-item'><dt class='gallery-icon'><a href='https:\/\/fuegoblanco.com\/wp-content\/uploads\/2016\/02\/d2b0d8_bbbdd9a55fa04974bd9e8fa142518ba8.jpg'><img class='dd' src='https:\/\/fuegoblanco.com\/wp-content\/uploads\/2016\/02\/d2b0d8_bbbdd9a55fa04974bd9e8fa142518ba8-205x205.jpg'><\/a><\/dt><\/dl><dl class='gallery-item'><dt class='gallery-icon'><a href='https:\/\/fuegoblanco.com\/wp-content\/uploads\/2016\/08\/P7250122.jpg'><img class='dd' src='https:\/\/fuegoblanco.com\/wp-content\/uploads\/2016\/08\/P7250122-205x205.jpg'><\/a><\/dt><\/dl><dl class='gallery-item'><dt class='gallery-icon'><a href='https:\/\/fuegoblanco.com\/wp-content\/uploads\/2019\/06\/IMG_0283-scaled.jpg'><img class='dd' src='https:\/\/fuegoblanco.com\/wp-content\/uploads\/2019\/06\/IMG_0283-scaled-205x205.jpg'><\/a><\/dt><\/dl><\/div>\n\n<p>Siempre que sea posible ofrecemos desayunos y comidas elaboradas con productos org\u00e1nicos de nuestros propios jardines; una variedad de verduras, frutas y zumos de naranjas reci\u00e9n exprimidas de los \u00e1rboles (en temporada). Se sirven desayunos y almuerzos en la piscina o en las terrazas en el jard\u00edn.<\/p>\n<p>En FuegoBlanco se puede disfrutar de fant\u00e1sticas vistas y caminar en los huertos de limones y naranjas o hacer una caminata hasta el r\u00edo. Se puede uno relajar junto a la piscina o en una de las terrazas. Tambi\u00e9n se puede sentar en uno de nuestros jardines o disfrutar una de nuestras c\u00f3modas hamacas.<\/p>\n<p>El valle del Guadalhorce es una zona f\u00e9rtil con aves, peces, tortugas y otros animales salvajes. Hacemos todo lo posible para cuidar el hermoso lugar en que vivimos.\u00a0 Usamos energ\u00eda solar y t\u00e9cnicas ecol\u00f3gicas para gestionar nuestros ocho acres de huertos y la orilla del r\u00edo. Estamos certificados por el equivalente espa\u00f1ol de\u00a0 Soil Association, C.A.A.E (Comit\u00e9 Andaluz de Agricultura Ecol\u00f3gica).<\/p>\n<p>Gustamos anemales y tenemos 3 gatos (Batman, Samba y Tango), 4 perros (Rumba, Luna, Disco y Mambo) y 3 caballos (Fuego, Campeon y Compass).<\/p>\n<p>Esperamos darle la bienvenida a FuegoBlanco y haremos nuestro mejor esfuerzo para darle unas vacaciones inolvidables.<\/p>\n<p>Saludes,<\/p>\n<p>Tina Skalander (+45 21216454)<\/p>\n<p><div id='gallery-4' class='gallery galleryid-64 gallery-thumbnail'><dl class='gallery-item'><dt class='gallery-icon'><a href='https:\/\/fuegoblanco.com\/wp-content\/uploads\/2017\/09\/hest2.jpg'><img class='dd' src='https:\/\/fuegoblanco.com\/wp-content\/uploads\/2017\/09\/hest2-205x205.jpg'><\/a><\/dt><\/dl><dl class='gallery-item'><dt class='gallery-icon'><a href='https:\/\/fuegoblanco.com\/wp-content\/uploads\/2017\/09\/hoj2.jpg'><img class='dd' src='https:\/\/fuegoblanco.com\/wp-content\/uploads\/2017\/09\/hoj2-205x205.jpg'><\/a><\/dt><\/dl><dl class='gallery-item'><dt class='gallery-icon'><a href='https:\/\/fuegoblanco.com\/wp-content\/uploads\/2017\/09\/hjjj.jpg'><img class='dd' src='https:\/\/fuegoblanco.com\/wp-content\/uploads\/2017\/09\/hjjj-205x205.jpg'><\/a><\/dt><\/dl><\/div>\n<\/p>","protected":false},"excerpt":{"rendered":"<p>FuegoBlanco galardonado hotel rural y altamente calificado en Tripadvisor, est\u00e1 localizado en el fabuloso interior de M\u00e1laga, entre el pueblo blanco rural de \u00c1lora y el impresionante desfiladero de El Chorro. En nuestra peque\u00f1a casa rural tratamos de ser \u00abverdes\u00bb, ofrecer\u00a0 toques personales y un servicio de\u00a0 peque\u00f1o hotel rural independiente. Al mismo tiempo, nuestro [&hellip;]<\/p>\n","protected":false},"author":1,"featured_media":806,"parent":0,"menu_order":0,"comment_status":"closed","ping_status":"closed","template":"","meta":{"_acf_changed":false,"_genesis_hide_title":false,"_genesis_hide_breadcrumbs":false,"_genesis_hide_singular_image":false,"_genesis_hide_footer_widgets":false,"_genesis_custom_body_class":"","_genesis_custom_post_class":"","_genesis_layout":"","footnotes":""},"class_list":{"0":"post-64","1":"page","2":"type-page","3":"status-publish","4":"has-post-thumbnail","6":"entry"},"acf":[],"_links":{"self":[{"href":"https:\/\/fuegoblanco.com\/es\/wp-json\/wp\/v2\/pages\/64","targetHints":{"allow":["GET"]}}],"collection":[{"href":"https:\/\/fuegoblanco.com\/es\/wp-json\/wp\/v2\/pages"}],"about":[{"href":"https:\/\/fuegoblanco.com\/es\/wp-json\/wp\/v2\/types\/page"}],"author":[{"embeddable":true,"href":"https:\/\/fuegoblanco.com\/es\/wp-json\/wp\/v2\/users\/1"}],"replies":[{"embeddable":true,"href":"https:\/\/fuegoblanco.com\/es\/wp-json\/wp\/v2\/comments?post=64"}],"version-history":[{"count":5,"href":"https:\/\/fuegoblanco.com\/es\/wp-json\/wp\/v2\/pages\/64\/revisions"}],"predecessor-version":[{"id":900,"href":"https:\/\/fuegoblanco.com\/es\/wp-json\/wp\/v2\/pages\/64\/revisions\/900"}],"wp:featuredmedia":[{"embeddable":true,"href":"https:\/\/fuegoblanco.com\/es\/wp-json\/wp\/v2\/media\/806"}],"wp:attachment":[{"href":"https:\/\/fuegoblanco.com\/es\/wp-json\/wp\/v2\/media?parent=64"}],"curies":[{"name":"wp","href":"https:\/\/api.w.org\/{rel}","templated":true}]}}