{"id":11,"date":"2016-02-13T12:26:58","date_gmt":"2016-02-13T12:26:58","guid":{"rendered":"http:\/\/fuegoblanco.heyrobot.net\/?page_id=11"},"modified":"2022-08-17T21:33:14","modified_gmt":"2022-08-17T21:33:14","slug":"contact","status":"publish","type":"page","link":"https:\/\/fuegoblanco.com\/es\/contact\/","title":{"rendered":"Contacto"},"content":{"rendered":"<p>FuegoBlanco<br \/>\nCamino Los Aneales,<br \/>\n29500 \u00c0lora, (M\u00e1laga) Espa\u00f1a<\/p>\n<p>+45 2121 6454<br \/>\n+34\u00a0616 923 524<br \/>\n<a href=\"mailto:info@fuegoblanco.com\">tina.skalander@gmail.com<\/a><\/p>\n<p>Whattsapp: 0045-21216454<\/p>\n<hr \/>\n<p><iframe loading=\"lazy\" src=\"https:\/\/www.google.com\/maps\/embed?pb=!1m28!1m12!1m3!1d204610.80948741097!2d-4.737996870639084!3d36.745517373281764!2m3!1f0!2f0!3f0!3m2!1i1024!2i768!4f13.1!4m13!3e6!4m5!1s0xd72fa17fe820e1b%3A0x603a1fa9406ec6e7!2sAeropuerto+de+M%C3%A1laga%2C+Avenida+Comandante+Garc%C3%ADa+Morato%2C+s%2Fn%2C+29004+M%C3%A1laga%2C+Spanien!3m2!1d36.674951799999995!2d-4.4896838!4m5!1s0xd72eac70b343fb1%3A0xaf094a08e31a15a0!2sFuego+Blanco%2C+Camino+Los+Aneales%2C+s%2Fn%2C+29593+Alora%2C+M%C3%A1laga%2C+M%C3%A1laga%2C+Spanien!3m2!1d36.8483413!2d-4.7065826!5e0!3m2!1sda!2sdk!4v1455821125795\" width=\"800\" height=\"600\" frameborder=\"0\" allowfullscreen=\"allowfullscreen\"><\/iframe><\/p>\n<h5>Direcciones<\/h5>\n<p>Desde el aeropuerto de M\u00e1laga, tome MA 20 hasta A-357, contin\u00fae 357 hasta A-343. Cuando se introduzca A-343, hay se\u00f1ales de \u00c0lora. Siga las indicaciones hacia \u00c0lora, pasar\u00e1 por peque\u00f1os pueblos de monta\u00f1a con calles estrechas, pasar\u00e1 una peque\u00f1a plaza y la calle comercial principal. Cuando llegue a una rotonda, siga recto, y siga esa carretera otros 2 km. Usted ver\u00e1 un cartel a la derecha \u00abFuegoBlanco\u00bb, ah\u00ed busque los contenedores de basura verdes.<\/p>\n<p>Hay dos caminos a \u00c0lora. Si se siguen las indicaciones a Alora por la ruta anteriormente mencionada, las se\u00f1ales le llevar\u00e1n. Un GPS le puede llevar hasta el pueblo, si ese es el caso, y usted le introduce la rotonda despu\u00e9s de la calle principal desde otro camino, no ir\u00e1 derecho, pero doblar\u00e1 a la primera salida. Este camino a \u00c0lora le lleva por las monta\u00f1as y tendr\u00e1 una clara sensaci\u00f3n de que conduce en las afueras y no a trav\u00e9s del pueblo, pero ambas formas son buenas y f\u00e1ciles para llegar.<\/p>","protected":false},"excerpt":{"rendered":"<p>FuegoBlanco Camino Los Aneales, 29500 \u00c0lora, (M\u00e1laga) Espa\u00f1a +45 2121 6454 +34\u00a0616 923 524 tina.skalander@gmail.com Whattsapp: 0045-21216454 Direcciones Desde el aeropuerto de M\u00e1laga, tome MA 20 hasta A-357, contin\u00fae 357 hasta A-343. Cuando se introduzca A-343, hay se\u00f1ales de \u00c0lora. Siga las indicaciones hacia \u00c0lora, pasar\u00e1 por peque\u00f1os pueblos de monta\u00f1a con calles estrechas, pasar\u00e1 [&hellip;]<\/p>\n","protected":false},"author":1,"featured_media":588,"parent":0,"menu_order":0,"comment_status":"closed","ping_status":"closed","template":"","meta":{"_acf_changed":false,"_genesis_hide_title":false,"_genesis_hide_breadcrumbs":false,"_genesis_hide_singular_image":false,"_genesis_hide_footer_widgets":false,"_genesis_custom_body_class":"","_genesis_custom_post_class":"","_genesis_layout":"","footnotes":""},"class_list":{"0":"post-11","1":"page","2":"type-page","3":"status-publish","4":"has-post-thumbnail","6":"entry"},"acf":[],"_links":{"self":[{"href":"https:\/\/fuegoblanco.com\/es\/wp-json\/wp\/v2\/pages\/11","targetHints":{"allow":["GET"]}}],"collection":[{"href":"https:\/\/fuegoblanco.com\/es\/wp-json\/wp\/v2\/pages"}],"about":[{"href":"https:\/\/fuegoblanco.com\/es\/wp-json\/wp\/v2\/types\/page"}],"author":[{"embeddable":true,"href":"https:\/\/fuegoblanco.com\/es\/wp-json\/wp\/v2\/users\/1"}],"replies":[{"embeddable":true,"href":"https:\/\/fuegoblanco.com\/es\/wp-json\/wp\/v2\/comments?post=11"}],"version-history":[{"count":5,"href":"https:\/\/fuegoblanco.com\/es\/wp-json\/wp\/v2\/pages\/11\/revisions"}],"predecessor-version":[{"id":898,"href":"https:\/\/fuegoblanco.com\/es\/wp-json\/wp\/v2\/pages\/11\/revisions\/898"}],"wp:featuredmedia":[{"embeddable":true,"href":"https:\/\/fuegoblanco.com\/es\/wp-json\/wp\/v2\/media\/588"}],"wp:attachment":[{"href":"https:\/\/fuegoblanco.com\/es\/wp-json\/wp\/v2\/media?parent=11"}],"curies":[{"name":"wp","href":"https:\/\/api.w.org\/{rel}","templated":true}]}}