{"id":841,"date":"2019-08-20T21:18:21","date_gmt":"2019-08-20T21:18:21","guid":{"rendered":"https:\/\/fuegoblanco.com\/?page_id=841"},"modified":"2019-08-20T21:22:55","modified_gmt":"2019-08-20T21:22:55","slug":"el-lagar","status":"publish","type":"page","link":"https:\/\/fuegoblanco.com\/DA\/dining\/el-lagar\/","title":{"rendered":"El Lagar"},"content":{"rendered":"<p>Gourmet tapas restaurant med et innovativt k\u00f8kken. Kun \u00e5ben torsdag til s\u00f8ndag<\/p>\n<div id='gallery-2' class='gallery galleryid-841 gallery-thumbnail'><dl class='gallery-item'><dt class='gallery-icon'><a href='https:\/\/fuegoblanco.com\/wp-content\/uploads\/2019\/08\/el-lagar-front.jpg'><img class='dd' src='https:\/\/fuegoblanco.com\/wp-content\/uploads\/2019\/08\/el-lagar-front-205x205.jpg'><\/a><\/dt><\/dl><dl class='gallery-item'><dt class='gallery-icon'><a href='https:\/\/fuegoblanco.com\/wp-content\/uploads\/2019\/08\/IMG_2678-scaled.jpg'><img class='dd' src='https:\/\/fuegoblanco.com\/wp-content\/uploads\/2019\/08\/IMG_2678-scaled-205x205.jpg'><\/a><\/dt><\/dl><dl class='gallery-item'><dt class='gallery-icon'><a href='https:\/\/fuegoblanco.com\/wp-content\/uploads\/2019\/08\/IMG_2677-scaled.jpg'><img class='dd' src='https:\/\/fuegoblanco.com\/wp-content\/uploads\/2019\/08\/IMG_2677-scaled-205x205.jpg'><\/a><\/dt><\/dl><dl class='gallery-item'><dt class='gallery-icon'><a href='https:\/\/fuegoblanco.com\/wp-content\/uploads\/2019\/08\/IMG_2675-scaled.jpg'><img class='dd' src='https:\/\/fuegoblanco.com\/wp-content\/uploads\/2019\/08\/IMG_2675-scaled-205x205.jpg'><\/a><\/dt><\/dl><dl class='gallery-item'><dt class='gallery-icon'><a href='https:\/\/fuegoblanco.com\/wp-content\/uploads\/2019\/08\/el-lagar2-rotated.jpg'><img class='dd' src='https:\/\/fuegoblanco.com\/wp-content\/uploads\/2019\/08\/el-lagar2-rotated-205x205.jpg'><\/a><\/dt><\/dl><dl class='gallery-item'><dt class='gallery-icon'><a href='https:\/\/fuegoblanco.com\/wp-content\/uploads\/2019\/08\/el-lagar-1-rotated.jpg'><img class='dd' src='https:\/\/fuegoblanco.com\/wp-content\/uploads\/2019\/08\/el-lagar-1-rotated-205x205.jpg'><\/a><\/dt><\/dl><\/div>\n\n<p><\/p>","protected":false},"excerpt":{"rendered":"<p>Gourmet tapas restaurant med et innovativt k\u00f8kken. Kun \u00e5ben torsdag til s\u00f8ndag<\/p>\n","protected":false},"author":3,"featured_media":0,"parent":594,"menu_order":0,"comment_status":"closed","ping_status":"closed","template":"","meta":{"_acf_changed":false,"_genesis_hide_title":false,"_genesis_hide_breadcrumbs":false,"_genesis_hide_singular_image":false,"_genesis_hide_footer_widgets":false,"_genesis_custom_body_class":"","_genesis_custom_post_class":"","_genesis_layout":"","footnotes":""},"class_list":{"0":"post-841","1":"page","2":"type-page","3":"status-publish","5":"entry"},"acf":[],"_links":{"self":[{"href":"https:\/\/fuegoblanco.com\/DA\/wp-json\/wp\/v2\/pages\/841","targetHints":{"allow":["GET"]}}],"collection":[{"href":"https:\/\/fuegoblanco.com\/DA\/wp-json\/wp\/v2\/pages"}],"about":[{"href":"https:\/\/fuegoblanco.com\/DA\/wp-json\/wp\/v2\/types\/page"}],"author":[{"embeddable":true,"href":"https:\/\/fuegoblanco.com\/DA\/wp-json\/wp\/v2\/users\/3"}],"replies":[{"embeddable":true,"href":"https:\/\/fuegoblanco.com\/DA\/wp-json\/wp\/v2\/comments?post=841"}],"version-history":[{"count":5,"href":"https:\/\/fuegoblanco.com\/DA\/wp-json\/wp\/v2\/pages\/841\/revisions"}],"predecessor-version":[{"id":846,"href":"https:\/\/fuegoblanco.com\/DA\/wp-json\/wp\/v2\/pages\/841\/revisions\/846"}],"up":[{"embeddable":true,"href":"https:\/\/fuegoblanco.com\/DA\/wp-json\/wp\/v2\/pages\/594"}],"wp:attachment":[{"href":"https:\/\/fuegoblanco.com\/DA\/wp-json\/wp\/v2\/media?parent=841"}],"curies":[{"name":"wp","href":"https:\/\/api.w.org\/{rel}","templated":true}]}}