{"id":731,"date":"2018-06-05T07:29:06","date_gmt":"2018-06-05T07:29:06","guid":{"rendered":"http:\/\/fuegoblanco.com\/?page_id=731"},"modified":"2019-08-20T21:15:07","modified_gmt":"2019-08-20T21:15:07","slug":"casarabonela","status":"publish","type":"page","link":"https:\/\/fuegoblanco.com\/DA\/dining\/casarabonela\/","title":{"rendered":"Casarabonela"},"content":{"rendered":"<p>Landsby, ca 25min fra Fuegoblanco men fine sm\u00e5 restauranter og en fantastisk udsigt. Casarabonela er en fin halvdags tur hvor man oplever de sm\u00e5 sn\u00e6vre stejle gader i byen, g\u00e5r mod toppen og finder sig en god restaurant h\u00f8jt oppe hvor man f\u00e5r en dejlig frkost og nyder udsigten.<\/p>\n<p><div id='gallery-2' class='gallery galleryid-731 gallery-thumbnail'><dl class='gallery-item'><dt class='gallery-icon'><a href='https:\/\/fuegoblanco.com\/wp-content\/uploads\/2018\/06\/jhgf-e1528183503356.jpg'><img class='dd' src='https:\/\/fuegoblanco.com\/wp-content\/uploads\/2018\/06\/jhgf-e1528183503356-205x205.jpg'><\/a><\/dt><\/dl><dl class='gallery-item'><dt class='gallery-icon'><a href='https:\/\/fuegoblanco.com\/wp-content\/uploads\/2018\/06\/IMG_1867-e1528183441290.jpg'><img class='dd' src='https:\/\/fuegoblanco.com\/wp-content\/uploads\/2018\/06\/IMG_1867-e1528183441290-205x205.jpg'><\/a><\/dt><\/dl><dl class='gallery-item'><dt class='gallery-icon'><a href='https:\/\/fuegoblanco.com\/wp-content\/uploads\/2018\/06\/hgfddss-e1528183430260.jpg'><img class='dd' src='https:\/\/fuegoblanco.com\/wp-content\/uploads\/2018\/06\/hgfddss-e1528183430260-205x205.jpg'><\/a><\/dt><\/dl><dl class='gallery-item'><dt class='gallery-icon'><a href='https:\/\/fuegoblanco.com\/wp-content\/uploads\/2018\/06\/hgfder-e1528183417469.jpg'><img class='dd' src='https:\/\/fuegoblanco.com\/wp-content\/uploads\/2018\/06\/hgfder-e1528183417469-205x205.jpg'><\/a><\/dt><\/dl><dl class='gallery-item'><dt class='gallery-icon'><a href='https:\/\/fuegoblanco.com\/wp-content\/uploads\/2018\/06\/hg.jpg'><img class='dd' src='https:\/\/fuegoblanco.com\/wp-content\/uploads\/2018\/06\/hg-205x205.jpg'><\/a><\/dt><\/dl><dl class='gallery-item'><dt class='gallery-icon'><a href='https:\/\/fuegoblanco.com\/wp-content\/uploads\/2018\/06\/ghg-e1528183453296-scaled.jpg'><img class='dd' src='https:\/\/fuegoblanco.com\/wp-content\/uploads\/2018\/06\/ghg-e1528183453296-scaled-205x205.jpg'><\/a><\/dt><\/dl><\/div>\n<\/p>","protected":false},"excerpt":{"rendered":"<p>Landsby, ca 25min fra Fuegoblanco men fine sm\u00e5 restauranter og en fantastisk udsigt. Casarabonela er en fin halvdags tur hvor man oplever de sm\u00e5 sn\u00e6vre stejle gader i byen, g\u00e5r mod toppen og finder sig en god restaurant h\u00f8jt oppe hvor man f\u00e5r en dejlig frkost og nyder udsigten.<\/p>\n","protected":false},"author":2,"featured_media":0,"parent":594,"menu_order":0,"comment_status":"closed","ping_status":"closed","template":"","meta":{"_acf_changed":false,"_genesis_hide_title":false,"_genesis_hide_breadcrumbs":false,"_genesis_hide_singular_image":false,"_genesis_hide_footer_widgets":false,"_genesis_custom_body_class":"","_genesis_custom_post_class":"","_genesis_layout":"","footnotes":""},"class_list":{"0":"post-731","1":"page","2":"type-page","3":"status-publish","5":"entry"},"acf":[],"_links":{"self":[{"href":"https:\/\/fuegoblanco.com\/DA\/wp-json\/wp\/v2\/pages\/731","targetHints":{"allow":["GET"]}}],"collection":[{"href":"https:\/\/fuegoblanco.com\/DA\/wp-json\/wp\/v2\/pages"}],"about":[{"href":"https:\/\/fuegoblanco.com\/DA\/wp-json\/wp\/v2\/types\/page"}],"author":[{"embeddable":true,"href":"https:\/\/fuegoblanco.com\/DA\/wp-json\/wp\/v2\/users\/2"}],"replies":[{"embeddable":true,"href":"https:\/\/fuegoblanco.com\/DA\/wp-json\/wp\/v2\/comments?post=731"}],"version-history":[{"count":5,"href":"https:\/\/fuegoblanco.com\/DA\/wp-json\/wp\/v2\/pages\/731\/revisions"}],"predecessor-version":[{"id":839,"href":"https:\/\/fuegoblanco.com\/DA\/wp-json\/wp\/v2\/pages\/731\/revisions\/839"}],"up":[{"embeddable":true,"href":"https:\/\/fuegoblanco.com\/DA\/wp-json\/wp\/v2\/pages\/594"}],"wp:attachment":[{"href":"https:\/\/fuegoblanco.com\/DA\/wp-json\/wp\/v2\/media?parent=731"}],"curies":[{"name":"wp","href":"https:\/\/api.w.org\/{rel}","templated":true}]}}