{"id":7,"date":"2016-02-13T12:26:19","date_gmt":"2016-02-13T12:26:19","guid":{"rendered":"http:\/\/fuegoblanco.heyrobot.net\/?page_id=7"},"modified":"2022-08-17T20:43:47","modified_gmt":"2022-08-17T20:43:47","slug":"rooms","status":"publish","type":"page","link":"https:\/\/fuegoblanco.com\/DA\/rooms\/","title":{"rendered":"V\u00e6relser"},"content":{"rendered":"<p>FuegoBlanco har i alt 6 v\u00e6relser. (En familiesuite til 4-5 personer, et 4-mandsv\u00e6relse med 2 sovev\u00e6relser, og 4 dobbeltv\u00e6relser og 1 enkeltv\u00e6relse).<\/p>\n<h3>Suite med balkon, 4-5 personer<\/h3>\n<p>Bed &amp; Breakfast Suite med to sovev\u00e6relser, begge med dobbeltsenge, badev\u00e6relse, stor opholdsstue med sovesofa og stor balkon<br \/>\n<strong>216 euro pr. nat + IVA (skat) 10%. <\/strong>(Till\u00e6g pr. pers. 50 euro ved flere end 4 personer.)<strong><br \/>\n<\/strong><\/p>\n<h3>4 mands v\u00e6relse med 2 sovev\u00e6relser,\u00a0 4 personer<\/h3>\n<p>Bed &amp; Breakfast v\u00e6relse med to sovev\u00e6relser og badev\u00e6relse<br \/>\n<strong>168 euro pr. nat + IVA (skat) 10%.\u00a0<\/strong><\/p>\n<h3>Dobbeltv\u00e6relse<\/h3>\n<p>Bed &amp; Breakfast v\u00e6relse med dobbeltseng\/2 enkeltsenge og badev\u00e6relse<br \/>\n<strong>108 euro pr. nat + IVA (skat) 10%.<\/strong><\/p>\n<h3>Enkeltv\u00e6relse med balkon<\/h3>\n<p>Bed &amp; Breakfast v\u00e6relse med enkeltseng, badev\u00e6relse og balkon<br \/>\n<strong>72 euro pr. nat + IVA (skat) 10%.<\/strong><\/p>\n<h5>Alle v\u00e6relser har<\/h5>\n<ul>\n<li>Badev\u00e6relse<\/li>\n<li>Morgenmad inkluderet<\/li>\n<li>WiFi<\/li>\n<li>Varme + aircondition<\/li>\n<li>Indbygget skabsplads<\/li>\n<\/ul>\n<h5>Der er desuden f\u00e6lles adgang til<\/h5>\n<ul>\n<li>Indend\u00f8rs lounge med the, kaffe og et k\u00f8leskab med drikkevarer<\/li>\n<li>Stor opholdsstue med spiseborde og hygge ved pejsen<\/li>\n<li>Pool<\/li>\n<li>Terrasser<\/li>\n<li>Citronlund<\/li>\n<\/ul>\n<h5>Info<\/h5>\n<ul>\n<li>For enkelt nats bookinger er der en ekstra omkostning p\u00e5 15%<\/li>\n<li>Rygning er ikke tilladt indend\u00f8rs<\/li>\n<li>Husdyr er tilladt ved aftale forud for booking<\/li>\n<\/ul>\n<div id='gallery-3' class='gallery galleryid-7 gallery-thumbnail'><dl class='gallery-item'><dt class='gallery-icon'><a href='https:\/\/fuegoblanco.com\/wp-content\/uploads\/2016\/04\/IMG_3148.jpg'><img class='dd' src='https:\/\/fuegoblanco.com\/wp-content\/uploads\/2016\/04\/IMG_3148-205x205.jpg'><\/a><\/dt><\/dl><dl class='gallery-item'><dt class='gallery-icon'><a href='https:\/\/fuegoblanco.com\/wp-content\/uploads\/2016\/04\/IMG_3093.jpg'><img class='dd' src='https:\/\/fuegoblanco.com\/wp-content\/uploads\/2016\/04\/IMG_3093-205x205.jpg'><\/a><\/dt><\/dl><dl class='gallery-item'><dt class='gallery-icon'><a href='https:\/\/fuegoblanco.com\/wp-content\/uploads\/2016\/07\/13734822_10154235562978257_1498558416_n.jpg'><img class='dd' src='https:\/\/fuegoblanco.com\/wp-content\/uploads\/2016\/07\/13734822_10154235562978257_1498558416_n-205x205.jpg'><\/a><\/dt><\/dl><dl class='gallery-item'><dt class='gallery-icon'><a href='https:\/\/fuegoblanco.com\/wp-content\/uploads\/2016\/04\/IMG_3078.jpg'><img class='dd' src='https:\/\/fuegoblanco.com\/wp-content\/uploads\/2016\/04\/IMG_3078-205x205.jpg'><\/a><\/dt><\/dl><dl class='gallery-item'><dt class='gallery-icon'><a href='https:\/\/fuegoblanco.com\/wp-content\/uploads\/2016\/04\/IMG_3059.jpg'><img class='dd' src='https:\/\/fuegoblanco.com\/wp-content\/uploads\/2016\/04\/IMG_3059-205x205.jpg'><\/a><\/dt><\/dl><dl class='gallery-item'><dt class='gallery-icon'><a href='https:\/\/fuegoblanco.com\/wp-content\/uploads\/2016\/04\/IMG_3109.jpg'><img class='dd' src='https:\/\/fuegoblanco.com\/wp-content\/uploads\/2016\/04\/IMG_3109-205x205.jpg'><\/a><\/dt><\/dl><dl class='gallery-item'><dt class='gallery-icon'><a href='https:\/\/fuegoblanco.com\/wp-content\/uploads\/2016\/04\/IMG_3053.jpg'><img class='dd' src='https:\/\/fuegoblanco.com\/wp-content\/uploads\/2016\/04\/IMG_3053-205x205.jpg'><\/a><\/dt><\/dl><dl class='gallery-item'><dt class='gallery-icon'><a href='https:\/\/fuegoblanco.com\/wp-content\/uploads\/2016\/08\/E65D76FB-4432-42B1-99E3-E94AA0801C6D.jpg'><img class='dd' src='https:\/\/fuegoblanco.com\/wp-content\/uploads\/2016\/08\/E65D76FB-4432-42B1-99E3-E94AA0801C6D-205x205.jpg'><\/a><\/dt><\/dl><dl class='gallery-item'><dt class='gallery-icon'><a href='https:\/\/fuegoblanco.com\/wp-content\/uploads\/2016\/07\/13706173_10154235562973257_1409234062_n.jpg'><img class='dd' src='https:\/\/fuegoblanco.com\/wp-content\/uploads\/2016\/07\/13706173_10154235562973257_1409234062_n-205x205.jpg'><\/a><\/dt><\/dl><dl class='gallery-item'><dt class='gallery-icon'><a href='https:\/\/fuegoblanco.com\/wp-content\/uploads\/2016\/04\/IMG_3030.jpg'><img class='dd' src='https:\/\/fuegoblanco.com\/wp-content\/uploads\/2016\/04\/IMG_3030-205x205.jpg'><\/a><\/dt><\/dl><dl class='gallery-item'><dt class='gallery-icon'><a href='https:\/\/fuegoblanco.com\/wp-content\/uploads\/2016\/04\/IMG_3014-3.jpg'><img class='dd' src='https:\/\/fuegoblanco.com\/wp-content\/uploads\/2016\/04\/IMG_3014-3-205x205.jpg'><\/a><\/dt><\/dl><dl class='gallery-item'><dt class='gallery-icon'><a href='https:\/\/fuegoblanco.com\/wp-content\/uploads\/2016\/04\/IMG_3546-3.jpg'><img class='dd' src='https:\/\/fuegoblanco.com\/wp-content\/uploads\/2016\/04\/IMG_3546-3-205x205.jpg'><\/a><\/dt><\/dl><dl class='gallery-item'><dt class='gallery-icon'><a href='https:\/\/fuegoblanco.com\/wp-content\/uploads\/2016\/04\/IMG_3039.jpg'><img class='dd' src='https:\/\/fuegoblanco.com\/wp-content\/uploads\/2016\/04\/IMG_3039-205x205.jpg'><\/a><\/dt><\/dl><dl class='gallery-item'><dt class='gallery-icon'><a href='https:\/\/fuegoblanco.com\/wp-content\/uploads\/2016\/04\/IMG_3544-2.jpg'><img class='dd' src='https:\/\/fuegoblanco.com\/wp-content\/uploads\/2016\/04\/IMG_3544-2-205x205.jpg'><\/a><\/dt><\/dl><dl class='gallery-item'><dt class='gallery-icon'><a href='https:\/\/fuegoblanco.com\/wp-content\/uploads\/2016\/04\/IMG_3077.jpg'><img class='dd' src='https:\/\/fuegoblanco.com\/wp-content\/uploads\/2016\/04\/IMG_3077-205x205.jpg'><\/a><\/dt><\/dl><dl class='gallery-item'><dt class='gallery-icon'><a href='https:\/\/fuegoblanco.com\/wp-content\/uploads\/2016\/04\/IMG_3138.jpg'><img class='dd' src='https:\/\/fuegoblanco.com\/wp-content\/uploads\/2016\/04\/IMG_3138-205x205.jpg'><\/a><\/dt><\/dl><dl class='gallery-item'><dt class='gallery-icon'><a href='https:\/\/fuegoblanco.com\/wp-content\/uploads\/2016\/04\/IMG_3086.jpg'><img class='dd' src='https:\/\/fuegoblanco.com\/wp-content\/uploads\/2016\/04\/IMG_3086-205x205.jpg'><\/a><\/dt><\/dl><dl class='gallery-item'><dt class='gallery-icon'><a href='https:\/\/fuegoblanco.com\/wp-content\/uploads\/2016\/04\/IMG_3505.jpg'><img class='dd' src='https:\/\/fuegoblanco.com\/wp-content\/uploads\/2016\/04\/IMG_3505-205x205.jpg'><\/a><\/dt><\/dl><dl class='gallery-item'><dt class='gallery-icon'><a href='https:\/\/fuegoblanco.com\/wp-content\/uploads\/2016\/04\/IMG_3001-2.jpg'><img class='dd' src='https:\/\/fuegoblanco.com\/wp-content\/uploads\/2016\/04\/IMG_3001-2-205x205.jpg'><\/a><\/dt><\/dl><dl class='gallery-item'><dt class='gallery-icon'><a href='https:\/\/fuegoblanco.com\/wp-content\/uploads\/2016\/04\/IMG_3165.jpg'><img class='dd' src='https:\/\/fuegoblanco.com\/wp-content\/uploads\/2016\/04\/IMG_3165-205x205.jpg'><\/a><\/dt><\/dl><dl class='gallery-item'><dt class='gallery-icon'><a href='https:\/\/fuegoblanco.com\/wp-content\/uploads\/2016\/04\/IMG_3026.jpg'><img class='dd' src='https:\/\/fuegoblanco.com\/wp-content\/uploads\/2016\/04\/IMG_3026-205x205.jpg'><\/a><\/dt><\/dl><dl class='gallery-item'><dt class='gallery-icon'><a href='https:\/\/fuegoblanco.com\/wp-content\/uploads\/2016\/04\/IMG_3589.jpg'><img class='dd' src='https:\/\/fuegoblanco.com\/wp-content\/uploads\/2016\/04\/IMG_3589-205x205.jpg'><\/a><\/dt><\/dl><dl class='gallery-item'><dt class='gallery-icon'><a href='https:\/\/fuegoblanco.com\/wp-content\/uploads\/2020\/03\/vino-top-1-rotated.jpg'><img class='dd' src='https:\/\/fuegoblanco.com\/wp-content\/uploads\/2020\/03\/vino-top-1-rotated-205x205.jpg'><\/a><\/dt><\/dl><dl class='gallery-item'><dt class='gallery-icon'><a href='https:\/\/fuegoblanco.com\/wp-content\/uploads\/2020\/03\/top-3-rotated.jpg'><img class='dd' src='https:\/\/fuegoblanco.com\/wp-content\/uploads\/2020\/03\/top-3-rotated-205x205.jpg'><\/a><\/dt><\/dl><dl class='gallery-item'><dt class='gallery-icon'><a href='https:\/\/fuegoblanco.com\/wp-content\/uploads\/2020\/03\/top-4-rotated.jpg'><img class='dd' src='https:\/\/fuegoblanco.com\/wp-content\/uploads\/2020\/03\/top-4-rotated-205x205.jpg'><\/a><\/dt><\/dl><dl class='gallery-item'><dt class='gallery-icon'><a href='https:\/\/fuegoblanco.com\/wp-content\/uploads\/2020\/03\/vino-top2-1-rotated.jpg'><img class='dd' src='https:\/\/fuegoblanco.com\/wp-content\/uploads\/2020\/03\/vino-top2-1-rotated-205x205.jpg'><\/a><\/dt><\/dl><\/div>\n\n<p>&nbsp;<\/p>","protected":false},"excerpt":{"rendered":"<p>FuegoBlanco har i alt 6 v\u00e6relser. (En familiesuite til 4-5 personer, et 4-mandsv\u00e6relse med 2 sovev\u00e6relser, og 4 dobbeltv\u00e6relser og 1 enkeltv\u00e6relse). Suite med balkon, 4-5 personer Bed &amp; Breakfast Suite med to sovev\u00e6relser, begge med dobbeltsenge, badev\u00e6relse, stor opholdsstue med sovesofa og stor balkon 216 euro pr. nat + IVA (skat) 10%. (Till\u00e6g pr. [&hellip;]<\/p>\n","protected":false},"author":1,"featured_media":877,"parent":0,"menu_order":0,"comment_status":"closed","ping_status":"closed","template":"","meta":{"_acf_changed":false,"_genesis_hide_title":false,"_genesis_hide_breadcrumbs":false,"_genesis_hide_singular_image":false,"_genesis_hide_footer_widgets":false,"_genesis_custom_body_class":"","_genesis_custom_post_class":"","_genesis_layout":"","footnotes":""},"class_list":{"0":"post-7","1":"page","2":"type-page","3":"status-publish","4":"has-post-thumbnail","6":"entry"},"acf":[],"_links":{"self":[{"href":"https:\/\/fuegoblanco.com\/DA\/wp-json\/wp\/v2\/pages\/7","targetHints":{"allow":["GET"]}}],"collection":[{"href":"https:\/\/fuegoblanco.com\/DA\/wp-json\/wp\/v2\/pages"}],"about":[{"href":"https:\/\/fuegoblanco.com\/DA\/wp-json\/wp\/v2\/types\/page"}],"author":[{"embeddable":true,"href":"https:\/\/fuegoblanco.com\/DA\/wp-json\/wp\/v2\/users\/1"}],"replies":[{"embeddable":true,"href":"https:\/\/fuegoblanco.com\/DA\/wp-json\/wp\/v2\/comments?post=7"}],"version-history":[{"count":5,"href":"https:\/\/fuegoblanco.com\/DA\/wp-json\/wp\/v2\/pages\/7\/revisions"}],"predecessor-version":[{"id":886,"href":"https:\/\/fuegoblanco.com\/DA\/wp-json\/wp\/v2\/pages\/7\/revisions\/886"}],"wp:featuredmedia":[{"embeddable":true,"href":"https:\/\/fuegoblanco.com\/DA\/wp-json\/wp\/v2\/media\/877"}],"wp:attachment":[{"href":"https:\/\/fuegoblanco.com\/DA\/wp-json\/wp\/v2\/media?parent=7"}],"curies":[{"name":"wp","href":"https:\/\/api.w.org\/{rel}","templated":true}]}}