{"id":660,"date":"2018-05-01T10:35:22","date_gmt":"2018-05-01T10:35:22","guid":{"rendered":"http:\/\/fuegoblanco.com\/?page_id=660"},"modified":"2018-10-08T15:30:31","modified_gmt":"2018-10-08T15:30:31","slug":"de-knas","status":"publish","type":"page","link":"https:\/\/fuegoblanco.com\/DA\/dining\/de-knas\/","title":{"rendered":"De Kanas"},"content":{"rendered":"<p>N\u00e5r man k\u00f8rer fra FuegoBlanco ind mod byen, parkerer man nemmest bilen f\u00f8r f\u00f8rste rundk\u00f8rsel man m\u00f8der, og g\u00e5 derefter op ad den ensrettede hovedgade, f\u00f8rste tapas bar man m\u00f8der p\u00e5 venstre h\u00e5nd er De Kanas. Vi elsker De Kanas for deres store udvalg af tapas, et fint sted til b\u00e5de frokost eller aftensmad. Om sommeren bliver der serveret tapas her til langt over midnat med hurtighed, og de glemmer sj\u00e6ldent en ret, selvom det g\u00e5r st\u00e6rkt. Serveringen er mere hurtig end smilende, det er n\u00e6rmest blevet en del af deres stil. Stedet er altid fyldt med lokale, som f\u00e5r sig en drink og sidder udenfor og spiser tapas. Et godt tip: G\u00e5 altid ind til baren, check montren, de har ofte en del tapas, der som ikke er p\u00e5 menu kortet, det g\u00e6lder for den sags skyld for alle tapas barer.<\/p>\n<p>De Knas er lukket mandag og tirsdag<\/p>\n<p><div id='gallery-2' class='gallery galleryid-660 gallery-thumbnail'><dl class='gallery-item'><dt class='gallery-icon'><a href='https:\/\/fuegoblanco.com\/wp-content\/uploads\/2016\/08\/P7270236.jpg'><img class='dd' src='https:\/\/fuegoblanco.com\/wp-content\/uploads\/2016\/08\/P7270236-205x205.jpg'><\/a><\/dt><\/dl><dl class='gallery-item'><dt class='gallery-icon'><a href='https:\/\/fuegoblanco.com\/wp-content\/uploads\/2016\/08\/P7270234.jpg'><img class='dd' src='https:\/\/fuegoblanco.com\/wp-content\/uploads\/2016\/08\/P7270234-205x205.jpg'><\/a><\/dt><\/dl><dl class='gallery-item'><dt class='gallery-icon'><a href='https:\/\/fuegoblanco.com\/wp-content\/uploads\/2016\/04\/IMG_3647-2.jpg'><img class='dd' src='https:\/\/fuegoblanco.com\/wp-content\/uploads\/2016\/04\/IMG_3647-2-205x205.jpg'><\/a><\/dt><\/dl><dl class='gallery-item'><dt class='gallery-icon'><a href='https:\/\/fuegoblanco.com\/wp-content\/uploads\/2016\/08\/FullSizeRender-3.jpg'><img class='dd' src='https:\/\/fuegoblanco.com\/wp-content\/uploads\/2016\/08\/FullSizeRender-3-205x205.jpg'><\/a><\/dt><\/dl><\/div>\n<\/p>","protected":false},"excerpt":{"rendered":"<p>N\u00e5r man k\u00f8rer fra FuegoBlanco ind mod byen, parkerer man nemmest bilen f\u00f8r f\u00f8rste rundk\u00f8rsel man m\u00f8der, og g\u00e5 derefter op ad den ensrettede hovedgade, f\u00f8rste tapas bar man m\u00f8der p\u00e5 venstre h\u00e5nd er De Kanas. Vi elsker De Kanas for deres store udvalg af tapas, et fint sted til b\u00e5de frokost eller aftensmad. Om [&hellip;]<\/p>\n","protected":false},"author":2,"featured_media":0,"parent":594,"menu_order":0,"comment_status":"closed","ping_status":"closed","template":"","meta":{"_acf_changed":false,"_genesis_hide_title":false,"_genesis_hide_breadcrumbs":false,"_genesis_hide_singular_image":false,"_genesis_hide_footer_widgets":false,"_genesis_custom_body_class":"","_genesis_custom_post_class":"","_genesis_layout":"","footnotes":""},"class_list":{"0":"post-660","1":"page","2":"type-page","3":"status-publish","5":"entry"},"acf":[],"_links":{"self":[{"href":"https:\/\/fuegoblanco.com\/DA\/wp-json\/wp\/v2\/pages\/660","targetHints":{"allow":["GET"]}}],"collection":[{"href":"https:\/\/fuegoblanco.com\/DA\/wp-json\/wp\/v2\/pages"}],"about":[{"href":"https:\/\/fuegoblanco.com\/DA\/wp-json\/wp\/v2\/types\/page"}],"author":[{"embeddable":true,"href":"https:\/\/fuegoblanco.com\/DA\/wp-json\/wp\/v2\/users\/2"}],"replies":[{"embeddable":true,"href":"https:\/\/fuegoblanco.com\/DA\/wp-json\/wp\/v2\/comments?post=660"}],"version-history":[{"count":5,"href":"https:\/\/fuegoblanco.com\/DA\/wp-json\/wp\/v2\/pages\/660\/revisions"}],"predecessor-version":[{"id":705,"href":"https:\/\/fuegoblanco.com\/DA\/wp-json\/wp\/v2\/pages\/660\/revisions\/705"}],"up":[{"embeddable":true,"href":"https:\/\/fuegoblanco.com\/DA\/wp-json\/wp\/v2\/pages\/594"}],"wp:attachment":[{"href":"https:\/\/fuegoblanco.com\/DA\/wp-json\/wp\/v2\/media?parent=660"}],"curies":[{"name":"wp","href":"https:\/\/api.w.org\/{rel}","templated":true}]}}