{"id":656,"date":"2018-05-01T10:26:58","date_gmt":"2018-05-01T10:26:58","guid":{"rendered":"http:\/\/fuegoblanco.com\/?page_id=656"},"modified":"2018-10-08T15:30:31","modified_gmt":"2018-10-08T15:30:31","slug":"bar-marin","status":"publish","type":"page","link":"https:\/\/fuegoblanco.com\/DA\/dining\/bar-marin\/","title":{"rendered":"Bar Marin"},"content":{"rendered":"<p>P\u00e5 toppen af en stejl bakke lige efter Guardia Civil og World Gym Center finder du Bar Marin. Man kan n\u00e6rmest ikke se den nede fra gaden. Det bliver ikke mere lokalt, borde indenfor, frygtelig st\u00e6rk belysning, mindre k\u00f8nt dekoreret, men stadig g\u00f8r det intet, for maden er fantastisk! Det er et simpelt menukort, br\u00f8d, olie, citroner og s\u00e5 skalddyr\/fisk.. Vi tager deres muslinger, de har to slags. Ofte tager vi begge, men ellers tag Franchese hvis kun en af dem. De har byens bedste gambas pil pil; Dyp br\u00f8det i hvidl\u00f8gs\/chili olien som rejerne er kogt i og nyd smagen. &#8220;A la plancha&#8221; betyder &#8220;p\u00e5 panden&#8221;, og &#8220;frito&#8221; er friturestegt i olie. Vi tager ogs\u00e5 ofte tun-b\u00f8ffen, bed om &#8220;poco echo&#8221; ellers steger de den for meget. Sidst men ikke mindst, bestil halve portioner &#8220;medio racion&#8221;, de er allerede fint store, og det giver mulighed for at pr\u00f8ve mere.<\/p>\n<p>Bar marin har lukket om mandagen.<\/p>\n<p><div id='gallery-2' class='gallery galleryid-656 gallery-thumbnail'><dl class='gallery-item'><dt class='gallery-icon'><a href='https:\/\/fuegoblanco.com\/wp-content\/uploads\/2016\/07\/IMG_7735-1-e1468650200164.jpg'><img class='dd' src='https:\/\/fuegoblanco.com\/wp-content\/uploads\/2016\/07\/IMG_7735-1-e1468650200164-205x205.jpg'><\/a><\/dt><\/dl><dl class='gallery-item'><dt class='gallery-icon'><a href='https:\/\/fuegoblanco.com\/wp-content\/uploads\/2016\/07\/IMG_7732-e1468650211256.jpg'><img class='dd' src='https:\/\/fuegoblanco.com\/wp-content\/uploads\/2016\/07\/IMG_7732-e1468650211256-205x205.jpg'><\/a><\/dt><\/dl><\/div>\n<\/p>","protected":false},"excerpt":{"rendered":"<p>P\u00e5 toppen af en stejl bakke lige efter Guardia Civil og World Gym Center finder du Bar Marin. Man kan n\u00e6rmest ikke se den nede fra gaden. Det bliver ikke mere lokalt, borde indenfor, frygtelig st\u00e6rk belysning, mindre k\u00f8nt dekoreret, men stadig g\u00f8r det intet, for maden er fantastisk! Det er et simpelt menukort, br\u00f8d, [&hellip;]<\/p>\n","protected":false},"author":2,"featured_media":0,"parent":594,"menu_order":0,"comment_status":"closed","ping_status":"closed","template":"","meta":{"_acf_changed":false,"_genesis_hide_title":false,"_genesis_hide_breadcrumbs":false,"_genesis_hide_singular_image":false,"_genesis_hide_footer_widgets":false,"_genesis_custom_body_class":"","_genesis_custom_post_class":"","_genesis_layout":"","footnotes":""},"class_list":{"0":"post-656","1":"page","2":"type-page","3":"status-publish","5":"entry"},"acf":[],"_links":{"self":[{"href":"https:\/\/fuegoblanco.com\/DA\/wp-json\/wp\/v2\/pages\/656","targetHints":{"allow":["GET"]}}],"collection":[{"href":"https:\/\/fuegoblanco.com\/DA\/wp-json\/wp\/v2\/pages"}],"about":[{"href":"https:\/\/fuegoblanco.com\/DA\/wp-json\/wp\/v2\/types\/page"}],"author":[{"embeddable":true,"href":"https:\/\/fuegoblanco.com\/DA\/wp-json\/wp\/v2\/users\/2"}],"replies":[{"embeddable":true,"href":"https:\/\/fuegoblanco.com\/DA\/wp-json\/wp\/v2\/comments?post=656"}],"version-history":[{"count":5,"href":"https:\/\/fuegoblanco.com\/DA\/wp-json\/wp\/v2\/pages\/656\/revisions"}],"predecessor-version":[{"id":702,"href":"https:\/\/fuegoblanco.com\/DA\/wp-json\/wp\/v2\/pages\/656\/revisions\/702"}],"up":[{"embeddable":true,"href":"https:\/\/fuegoblanco.com\/DA\/wp-json\/wp\/v2\/pages\/594"}],"wp:attachment":[{"href":"https:\/\/fuegoblanco.com\/DA\/wp-json\/wp\/v2\/media?parent=656"}],"curies":[{"name":"wp","href":"https:\/\/api.w.org\/{rel}","templated":true}]}}