{"id":653,"date":"2018-05-01T10:15:43","date_gmt":"2018-05-01T10:15:43","guid":{"rendered":"http:\/\/fuegoblanco.com\/?page_id=653"},"modified":"2018-10-08T15:30:31","modified_gmt":"2018-10-08T15:30:31","slug":"mamely","status":"publish","type":"page","link":"https:\/\/fuegoblanco.com\/DA\/dining\/mamely\/","title":{"rendered":"Mamely"},"content":{"rendered":"<p>Lille og hyggelig seafood tapas bar med fokus p\u00e5 fisk og seafood. Den ligger p\u00e5 hovedgaden og er et fint sted at stoppe ind til hurtig frokost eller middag. En sjov finesse er et stort \u00e5bent vindue fra gaden ind til k\u00f8kkenet, s\u00e5 man kan sidde og f\u00f8lge med i madlavningen.<\/p>\n<p>Lukket om Mandagen.<\/p>\n<p><div id='gallery-2' class='gallery galleryid-653 gallery-thumbnail'><dl class='gallery-item'><dt class='gallery-icon'><a href='https:\/\/fuegoblanco.com\/wp-content\/uploads\/2018\/05\/marma4.jpg'><img class='dd' src='https:\/\/fuegoblanco.com\/wp-content\/uploads\/2018\/05\/marma4-205x205.jpg'><\/a><\/dt><\/dl><dl class='gallery-item'><dt class='gallery-icon'><a href='https:\/\/fuegoblanco.com\/wp-content\/uploads\/2018\/05\/marma3.jpg'><img class='dd' src='https:\/\/fuegoblanco.com\/wp-content\/uploads\/2018\/05\/marma3-205x205.jpg'><\/a><\/dt><\/dl><dl class='gallery-item'><dt class='gallery-icon'><a href='https:\/\/fuegoblanco.com\/wp-content\/uploads\/2018\/05\/marma2-e1525168333980.jpg'><img class='dd' src='https:\/\/fuegoblanco.com\/wp-content\/uploads\/2018\/05\/marma2-e1525168333980-205x205.jpg'><\/a><\/dt><\/dl><dl class='gallery-item'><dt class='gallery-icon'><a href='https:\/\/fuegoblanco.com\/wp-content\/uploads\/2018\/05\/marma-e1525168325703.jpg'><img class='dd' src='https:\/\/fuegoblanco.com\/wp-content\/uploads\/2018\/05\/marma-e1525168325703-205x205.jpg'><\/a><\/dt><\/dl><\/div>\n<\/p>","protected":false},"excerpt":{"rendered":"<p>Lille og hyggelig seafood tapas bar med fokus p\u00e5 fisk og seafood. Den ligger p\u00e5 hovedgaden og er et fint sted at stoppe ind til hurtig frokost eller middag. En sjov finesse er et stort \u00e5bent vindue fra gaden ind til k\u00f8kkenet, s\u00e5 man kan sidde og f\u00f8lge med i madlavningen. Lukket om Mandagen.<\/p>\n","protected":false},"author":2,"featured_media":0,"parent":594,"menu_order":0,"comment_status":"closed","ping_status":"closed","template":"","meta":{"_acf_changed":false,"_genesis_hide_title":false,"_genesis_hide_breadcrumbs":false,"_genesis_hide_singular_image":false,"_genesis_hide_footer_widgets":false,"_genesis_custom_body_class":"","_genesis_custom_post_class":"","_genesis_layout":"","footnotes":""},"class_list":{"0":"post-653","1":"page","2":"type-page","3":"status-publish","5":"entry"},"acf":[],"_links":{"self":[{"href":"https:\/\/fuegoblanco.com\/DA\/wp-json\/wp\/v2\/pages\/653","targetHints":{"allow":["GET"]}}],"collection":[{"href":"https:\/\/fuegoblanco.com\/DA\/wp-json\/wp\/v2\/pages"}],"about":[{"href":"https:\/\/fuegoblanco.com\/DA\/wp-json\/wp\/v2\/types\/page"}],"author":[{"embeddable":true,"href":"https:\/\/fuegoblanco.com\/DA\/wp-json\/wp\/v2\/users\/2"}],"replies":[{"embeddable":true,"href":"https:\/\/fuegoblanco.com\/DA\/wp-json\/wp\/v2\/comments?post=653"}],"version-history":[{"count":5,"href":"https:\/\/fuegoblanco.com\/DA\/wp-json\/wp\/v2\/pages\/653\/revisions"}],"predecessor-version":[{"id":708,"href":"https:\/\/fuegoblanco.com\/DA\/wp-json\/wp\/v2\/pages\/653\/revisions\/708"}],"up":[{"embeddable":true,"href":"https:\/\/fuegoblanco.com\/DA\/wp-json\/wp\/v2\/pages\/594"}],"wp:attachment":[{"href":"https:\/\/fuegoblanco.com\/DA\/wp-json\/wp\/v2\/media?parent=653"}],"curies":[{"name":"wp","href":"https:\/\/api.w.org\/{rel}","templated":true}]}}