{"id":648,"date":"2018-05-01T10:08:47","date_gmt":"2018-05-01T10:08:47","guid":{"rendered":"http:\/\/fuegoblanco.com\/?page_id=648"},"modified":"2018-10-08T15:30:31","modified_gmt":"2018-10-08T15:30:31","slug":"lunchdinner-at-fuegoblanco","status":"publish","type":"page","link":"https:\/\/fuegoblanco.com\/DA\/dining\/lunchdinner-at-fuegoblanco\/","title":{"rendered":"Mad p\u00e5 Fuegoblanco"},"content":{"rendered":"<p>Det er muligt at bestille frokost eller aftensmad p\u00e5 FuegoBlanco. Vi serverer p\u00e5 terrassen eller ved et af bordene mellem citron tr\u00e6erne, og er det en sj\u00e6lden gang for koldt, d\u00e6kker vi op inde i spisestuen. S\u00e5 ofte det er muligt, arrangerer vi tapas eller paella aftener i citronlunden. Vi tilskynder kun at bruge \u00f8kologiske ingredienser, og ofte er salaterne udelukkende med gr\u00f8ntsager fra vores egen have. Frokost er 15 euro og aftensmad er 2 retters menu til 25 euro. Alt er hjemmelavet af vores lokale kok Ana.<\/p>\n<p><div id='gallery-2' class='gallery galleryid-648 gallery-thumbnail'><dl class='gallery-item'><dt class='gallery-icon'><a href='https:\/\/fuegoblanco.com\/wp-content\/uploads\/2018\/05\/hhff.jpg'><img class='dd' src='https:\/\/fuegoblanco.com\/wp-content\/uploads\/2018\/05\/hhff-205x205.jpg'><\/a><\/dt><\/dl><dl class='gallery-item'><dt class='gallery-icon'><a href='https:\/\/fuegoblanco.com\/wp-content\/uploads\/2018\/05\/citron.jpg'><img class='dd' src='https:\/\/fuegoblanco.com\/wp-content\/uploads\/2018\/05\/citron-205x205.jpg'><\/a><\/dt><\/dl><dl class='gallery-item'><dt class='gallery-icon'><a href='https:\/\/fuegoblanco.com\/wp-content\/uploads\/2018\/05\/ana.jpg'><img class='dd' src='https:\/\/fuegoblanco.com\/wp-content\/uploads\/2018\/05\/ana-205x205.jpg'><\/a><\/dt><\/dl><dl class='gallery-item'><dt class='gallery-icon'><a href='https:\/\/fuegoblanco.com\/wp-content\/uploads\/2018\/05\/jjhh-e1525168600331.jpg'><img class='dd' src='https:\/\/fuegoblanco.com\/wp-content\/uploads\/2018\/05\/jjhh-e1525168600331-205x205.jpg'><\/a><\/dt><\/dl><dl class='gallery-item'><dt class='gallery-icon'><a href='https:\/\/fuegoblanco.com\/wp-content\/uploads\/2018\/05\/gghh-e1525168587742.jpg'><img class='dd' src='https:\/\/fuegoblanco.com\/wp-content\/uploads\/2018\/05\/gghh-e1525168587742-205x205.jpg'><\/a><\/dt><\/dl><dl class='gallery-item'><dt class='gallery-icon'><a href='https:\/\/fuegoblanco.com\/wp-content\/uploads\/2018\/05\/gg.jpg'><img class='dd' src='https:\/\/fuegoblanco.com\/wp-content\/uploads\/2018\/05\/gg-205x205.jpg'><\/a><\/dt><\/dl><dl class='gallery-item'><dt class='gallery-icon'><a href='https:\/\/fuegoblanco.com\/wp-content\/uploads\/2018\/05\/fuego2-e1525168313581.jpg'><img class='dd' src='https:\/\/fuegoblanco.com\/wp-content\/uploads\/2018\/05\/fuego2-e1525168313581-205x205.jpg'><\/a><\/dt><\/dl><dl class='gallery-item'><dt class='gallery-icon'><a href='https:\/\/fuegoblanco.com\/wp-content\/uploads\/2018\/05\/fuego.jpg'><img class='dd' src='https:\/\/fuegoblanco.com\/wp-content\/uploads\/2018\/05\/fuego-205x205.jpg'><\/a><\/dt><\/dl><\/div>\n<\/p>","protected":false},"excerpt":{"rendered":"<p>Det er muligt at bestille frokost eller aftensmad p\u00e5 FuegoBlanco. Vi serverer p\u00e5 terrassen eller ved et af bordene mellem citron tr\u00e6erne, og er det en sj\u00e6lden gang for koldt, d\u00e6kker vi op inde i spisestuen. S\u00e5 ofte det er muligt, arrangerer vi tapas eller paella aftener i citronlunden. Vi tilskynder kun at bruge \u00f8kologiske [&hellip;]<\/p>\n","protected":false},"author":2,"featured_media":0,"parent":594,"menu_order":0,"comment_status":"closed","ping_status":"closed","template":"","meta":{"_acf_changed":false,"_genesis_hide_title":false,"_genesis_hide_breadcrumbs":false,"_genesis_hide_singular_image":false,"_genesis_hide_footer_widgets":false,"_genesis_custom_body_class":"","_genesis_custom_post_class":"","_genesis_layout":"","footnotes":""},"class_list":{"0":"post-648","1":"page","2":"type-page","3":"status-publish","5":"entry"},"acf":[],"_links":{"self":[{"href":"https:\/\/fuegoblanco.com\/DA\/wp-json\/wp\/v2\/pages\/648","targetHints":{"allow":["GET"]}}],"collection":[{"href":"https:\/\/fuegoblanco.com\/DA\/wp-json\/wp\/v2\/pages"}],"about":[{"href":"https:\/\/fuegoblanco.com\/DA\/wp-json\/wp\/v2\/types\/page"}],"author":[{"embeddable":true,"href":"https:\/\/fuegoblanco.com\/DA\/wp-json\/wp\/v2\/users\/2"}],"replies":[{"embeddable":true,"href":"https:\/\/fuegoblanco.com\/DA\/wp-json\/wp\/v2\/comments?post=648"}],"version-history":[{"count":5,"href":"https:\/\/fuegoblanco.com\/DA\/wp-json\/wp\/v2\/pages\/648\/revisions"}],"predecessor-version":[{"id":706,"href":"https:\/\/fuegoblanco.com\/DA\/wp-json\/wp\/v2\/pages\/648\/revisions\/706"}],"up":[{"embeddable":true,"href":"https:\/\/fuegoblanco.com\/DA\/wp-json\/wp\/v2\/pages\/594"}],"wp:attachment":[{"href":"https:\/\/fuegoblanco.com\/DA\/wp-json\/wp\/v2\/media?parent=648"}],"curies":[{"name":"wp","href":"https:\/\/api.w.org\/{rel}","templated":true}]}}