{"id":64,"date":"2016-02-18T17:42:29","date_gmt":"2016-02-18T17:42:29","guid":{"rendered":"http:\/\/fuegoblanco.heyrobot.net\/?page_id=64"},"modified":"2022-08-17T21:57:17","modified_gmt":"2022-08-17T21:57:17","slug":"about-us","status":"publish","type":"page","link":"https:\/\/fuegoblanco.com\/DA\/about-us\/","title":{"rendered":"Om os"},"content":{"rendered":"<p>FuegoBlanco tilbyder autentisk spansk ferie i det smukke, bjergrige Spanien. Vi er et charmerende og prisvindende Bed &amp; Breakfast med tilh\u00f8rende \u00f8kologisk citrusfarm og h\u00f8j rating p\u00e5 Tripadvisor.<\/p>\n<p>Stedet ligger lidt uden for Alora, som er en typisk spansk by med hvidkalkede huse, smalle brostensgader og sm\u00e5 tapas-barer. El Chorro med de stejle bjergsider ligger i n\u00e6rheden og er bestemt en dagstur v\u00e6rd.<\/p>\n<h5>Citronfarmens oaser<\/h5>\n<p>P\u00e5 FuegoBlanco g\u00e5r vi op i \u00f8kologi, og vi g\u00f8r alt for at bevare den hyggelige og personlige stemning. Vi har masser af plads, flere terrasser, stor pool og en dejlig grund med 23.000 m2 citrusfarm og have. Alt dette giver mulighed for at finde en lille oase for sig selv og nyde den ro, man sj\u00e6ldent finder p\u00e5 st\u00f8rre hoteller.<\/p>\n<p>FuegoBlanco er kun ca. 40 minutter fra Malaga lufthavn, men der er en verden til forskel fra det turistpakkede Costa Del Sol. Her p\u00e5 FuegoBlanco er du omgivet af fuglesang, flodens rislen, og en have fyldt med \u00f8kologiske citrustr\u00e6er og olivenlunde.<\/p>\n<h5>Egen \u00f8kologisk produktion<\/h5>\n<p>I 2009 blev ca. 400 citrustr\u00e6er plantet, og \u00e5ret efter blev lunden udvidet med 500 tr\u00e6er. Det giver en fantastisk citronlund, hvor du kan g\u00e5 en tur mellem tr\u00e6erne. De ca. 60 oliventr\u00e6er, der er plantet i 2014, giver FuegoBlanco egen \u00f8kologiske ekstra jomfru olivenolie-produktion. Vi har ogs\u00e5 en gr\u00f8ntsagshave, og vi bruger \u00e5rstidens gr\u00f8ntsager i husets madlavning.<\/p>\n<div id='gallery-5' class='gallery galleryid-64 gallery-thumbnail'><dl class='gallery-item'><dt class='gallery-icon'><a href='https:\/\/fuegoblanco.com\/wp-content\/uploads\/2016\/04\/IMG_3457.jpg'><img class='dd' src='https:\/\/fuegoblanco.com\/wp-content\/uploads\/2016\/04\/IMG_3457-205x205.jpg'><\/a><\/dt><\/dl><dl class='gallery-item'><dt class='gallery-icon'><a href='https:\/\/fuegoblanco.com\/wp-content\/uploads\/2016\/04\/IMG_3399.jpg'><img class='dd' src='https:\/\/fuegoblanco.com\/wp-content\/uploads\/2016\/04\/IMG_3399-205x205.jpg'><\/a><\/dt><\/dl><dl class='gallery-item'><dt class='gallery-icon'><a href='https:\/\/fuegoblanco.com\/wp-content\/uploads\/2016\/04\/IMG_3320.jpg'><img class='dd' src='https:\/\/fuegoblanco.com\/wp-content\/uploads\/2016\/04\/IMG_3320-205x205.jpg'><\/a><\/dt><\/dl><dl class='gallery-item'><dt class='gallery-icon'><a href='https:\/\/fuegoblanco.com\/wp-content\/uploads\/2016\/08\/P7250039.jpg'><img class='dd' src='https:\/\/fuegoblanco.com\/wp-content\/uploads\/2016\/08\/P7250039-205x205.jpg'><\/a><\/dt><\/dl><dl class='gallery-item'><dt class='gallery-icon'><a href='https:\/\/fuegoblanco.com\/wp-content\/uploads\/2016\/08\/P7250122.jpg'><img class='dd' src='https:\/\/fuegoblanco.com\/wp-content\/uploads\/2016\/08\/P7250122-205x205.jpg'><\/a><\/dt><\/dl><dl class='gallery-item'><dt class='gallery-icon'><a href='https:\/\/fuegoblanco.com\/wp-content\/uploads\/2016\/04\/blomst.jpg'><img class='dd' src='https:\/\/fuegoblanco.com\/wp-content\/uploads\/2016\/04\/blomst-205x205.jpg'><\/a><\/dt><\/dl><dl class='gallery-item'><dt class='gallery-icon'><a href='https:\/\/fuegoblanco.com\/wp-content\/uploads\/2016\/02\/d2b0d8_bbbdd9a55fa04974bd9e8fa142518ba8.jpg'><img class='dd' src='https:\/\/fuegoblanco.com\/wp-content\/uploads\/2016\/02\/d2b0d8_bbbdd9a55fa04974bd9e8fa142518ba8-205x205.jpg'><\/a><\/dt><\/dl><dl class='gallery-item'><dt class='gallery-icon'><a href='https:\/\/fuegoblanco.com\/wp-content\/uploads\/2019\/06\/IMG_0283-scaled.jpg'><img class='dd' src='https:\/\/fuegoblanco.com\/wp-content\/uploads\/2019\/06\/IMG_0283-scaled-205x205.jpg'><\/a><\/dt><\/dl><\/div>\n\n<h5>Natursk\u00f8nne omgivelser<\/h5>\n<p>Fra FuegoBlanco er der en fantastisk udsigt over omr\u00e5det med bjergene i baggrunden. Langs kanten af grunden l\u00f8ber floden Guadalhorce, og man kan g\u00e5 igennem citronlunden ned til floden, finde sig et lille sted med en bog og et glas hvidvin og nyde omgivelserne.<\/p>\n<p>Selve omr\u00e5det, Gaudalhorce-dalen, er rigt p\u00e5 fugleliv, fisk, skildpadder og andet dyreliv. Vi g\u00f8r vores bedste for at holde det smukke omr\u00e5de s\u00e5 naturligt som muligt for alle disse dyr. Vi anvender solenergi til opvarmning af vores vand og \u00f8ko-venlige teknikker til vanding af vores store citruslund. Vi har \u00f8ko-certifikat fra \u201dC.A.A.E (Comite Andaluz de Agricultura Ecologica).<\/p>\n<p>Vi er ogs\u00e5 meget glade for dyr p\u00e5 FuegoBlanco og har 3 katte (Batman, Samba og Tango), 4 hunde (Rumba, Mambo, Luna og Disco) og 4 heste (Fuego,\u00a0 Campeon, Compas og Yuka) og fritg\u00e5ende h\u00f8ns, der giver os friske \u00e6g hver dag.<\/p>\n<p>P\u00e5 FuegoBlanco taler vi b\u00e5de engelsk, dansk og spansk, og vi gl\u00e6der os meget til at byde dig velkommen og vil g\u00f8re vores yderste for, at du f\u00e5r en uforglemmelig ferie.<\/p>\n<p>De bedste hilsener,<\/p>\n<p>Tina Skalander, (+45 21216454)<\/p>\n<p>&nbsp;<\/p>","protected":false},"excerpt":{"rendered":"<p>FuegoBlanco tilbyder autentisk spansk ferie i det smukke, bjergrige Spanien. Vi er et charmerende og prisvindende Bed &amp; Breakfast med tilh\u00f8rende \u00f8kologisk citrusfarm og h\u00f8j rating p\u00e5 Tripadvisor. Stedet ligger lidt uden for Alora, som er en typisk spansk by med hvidkalkede huse, smalle brostensgader og sm\u00e5 tapas-barer. El Chorro med de stejle bjergsider ligger [&hellip;]<\/p>\n","protected":false},"author":1,"featured_media":806,"parent":0,"menu_order":0,"comment_status":"closed","ping_status":"closed","template":"","meta":{"_acf_changed":false,"_genesis_hide_title":false,"_genesis_hide_breadcrumbs":false,"_genesis_hide_singular_image":false,"_genesis_hide_footer_widgets":false,"_genesis_custom_body_class":"","_genesis_custom_post_class":"","_genesis_layout":"","footnotes":""},"class_list":{"0":"post-64","1":"page","2":"type-page","3":"status-publish","4":"has-post-thumbnail","6":"entry"},"acf":[],"_links":{"self":[{"href":"https:\/\/fuegoblanco.com\/DA\/wp-json\/wp\/v2\/pages\/64","targetHints":{"allow":["GET"]}}],"collection":[{"href":"https:\/\/fuegoblanco.com\/DA\/wp-json\/wp\/v2\/pages"}],"about":[{"href":"https:\/\/fuegoblanco.com\/DA\/wp-json\/wp\/v2\/types\/page"}],"author":[{"embeddable":true,"href":"https:\/\/fuegoblanco.com\/DA\/wp-json\/wp\/v2\/users\/1"}],"replies":[{"embeddable":true,"href":"https:\/\/fuegoblanco.com\/DA\/wp-json\/wp\/v2\/comments?post=64"}],"version-history":[{"count":5,"href":"https:\/\/fuegoblanco.com\/DA\/wp-json\/wp\/v2\/pages\/64\/revisions"}],"predecessor-version":[{"id":900,"href":"https:\/\/fuegoblanco.com\/DA\/wp-json\/wp\/v2\/pages\/64\/revisions\/900"}],"wp:featuredmedia":[{"embeddable":true,"href":"https:\/\/fuegoblanco.com\/DA\/wp-json\/wp\/v2\/media\/806"}],"wp:attachment":[{"href":"https:\/\/fuegoblanco.com\/DA\/wp-json\/wp\/v2\/media?parent=64"}],"curies":[{"name":"wp","href":"https:\/\/api.w.org\/{rel}","templated":true}]}}