{"id":616,"date":"2018-05-01T08:41:28","date_gmt":"2018-05-01T08:41:28","guid":{"rendered":"http:\/\/fuegoblanco.com\/?page_id=616"},"modified":"2018-10-08T15:30:31","modified_gmt":"2018-10-08T15:30:31","slug":"los-caballos","status":"publish","type":"page","link":"https:\/\/fuegoblanco.com\/DA\/dining\/los-caballos\/","title":{"rendered":"Los Caballos"},"content":{"rendered":"<p>Los Caballos er \u00e5ben alle ugens dage, om s\u00f8ndagen til frokost samles de spanske familier til grill kylling med hjemmelavede pommes frittes, br\u00f8d og olivenolie. Los Caballos er den typisk landlige spanske restaurant\u00a0hvor landm\u00e6ndene f\u00e5r store portioner af god spansk mad direkte fra grillen. \u00a0Los Caballos betyder direkte oversat &#8220;Hestene&#8221;, og ofte kan man se heste st\u00e5 bundet udenfor, mens rytterne spiser frokost.<\/p>\n<p>&nbsp;<\/p>\n<div id='gallery-3' class='gallery galleryid-616 gallery-thumbnail'><dl class='gallery-item'><dt class='gallery-icon'><a href='https:\/\/fuegoblanco.com\/wp-content\/uploads\/2018\/05\/plato-montes-en-los-caballos.jpg'><img class='dd' src='https:\/\/fuegoblanco.com\/wp-content\/uploads\/2018\/05\/plato-montes-en-los-caballos-205x205.jpg'><\/a><\/dt><\/dl><dl class='gallery-item'><dt class='gallery-icon'><a href='https:\/\/fuegoblanco.com\/wp-content\/uploads\/2018\/05\/paella.jpg'><img class='dd' src='https:\/\/fuegoblanco.com\/wp-content\/uploads\/2018\/05\/paella-205x205.jpg'><\/a><\/dt><\/dl><dl class='gallery-item'><dt class='gallery-icon'><a href='https:\/\/fuegoblanco.com\/wp-content\/uploads\/2018\/05\/bar-los-caballos-sl.jpg'><img class='dd' src='https:\/\/fuegoblanco.com\/wp-content\/uploads\/2018\/05\/bar-los-caballos-sl-205x205.jpg'><\/a><\/dt><\/dl><dl class='gallery-item'><dt class='gallery-icon'><a href='https:\/\/fuegoblanco.com\/wp-content\/uploads\/2018\/05\/maxresdefault.jpg'><img class='dd' src='https:\/\/fuegoblanco.com\/wp-content\/uploads\/2018\/05\/maxresdefault-205x205.jpg'><\/a><\/dt><\/dl><\/div>\n\n<p>&nbsp;<\/p>","protected":false},"excerpt":{"rendered":"<p>Los Caballos er \u00e5ben alle ugens dage, om s\u00f8ndagen til frokost samles de spanske familier til grill kylling med hjemmelavede pommes frittes, br\u00f8d og olivenolie. Los Caballos er den typisk landlige spanske restaurant\u00a0hvor landm\u00e6ndene f\u00e5r store portioner af god spansk mad direkte fra grillen. \u00a0Los Caballos betyder direkte oversat &#8220;Hestene&#8221;, og ofte kan man se [&hellip;]<\/p>\n","protected":false},"author":2,"featured_media":0,"parent":594,"menu_order":0,"comment_status":"closed","ping_status":"closed","template":"","meta":{"_acf_changed":false,"_genesis_hide_title":false,"_genesis_hide_breadcrumbs":false,"_genesis_hide_singular_image":false,"_genesis_hide_footer_widgets":false,"_genesis_custom_body_class":"","_genesis_custom_post_class":"","_genesis_layout":"","footnotes":""},"class_list":{"0":"post-616","1":"page","2":"type-page","3":"status-publish","5":"entry"},"acf":[],"_links":{"self":[{"href":"https:\/\/fuegoblanco.com\/DA\/wp-json\/wp\/v2\/pages\/616","targetHints":{"allow":["GET"]}}],"collection":[{"href":"https:\/\/fuegoblanco.com\/DA\/wp-json\/wp\/v2\/pages"}],"about":[{"href":"https:\/\/fuegoblanco.com\/DA\/wp-json\/wp\/v2\/types\/page"}],"author":[{"embeddable":true,"href":"https:\/\/fuegoblanco.com\/DA\/wp-json\/wp\/v2\/users\/2"}],"replies":[{"embeddable":true,"href":"https:\/\/fuegoblanco.com\/DA\/wp-json\/wp\/v2\/comments?post=616"}],"version-history":[{"count":5,"href":"https:\/\/fuegoblanco.com\/DA\/wp-json\/wp\/v2\/pages\/616\/revisions"}],"predecessor-version":[{"id":700,"href":"https:\/\/fuegoblanco.com\/DA\/wp-json\/wp\/v2\/pages\/616\/revisions\/700"}],"up":[{"embeddable":true,"href":"https:\/\/fuegoblanco.com\/DA\/wp-json\/wp\/v2\/pages\/594"}],"wp:attachment":[{"href":"https:\/\/fuegoblanco.com\/DA\/wp-json\/wp\/v2\/media?parent=616"}],"curies":[{"name":"wp","href":"https:\/\/api.w.org\/{rel}","templated":true}]}}