{"id":598,"date":"2018-05-01T06:22:08","date_gmt":"2018-05-01T06:22:08","guid":{"rendered":"http:\/\/fuegoblanco.com\/?page_id=598"},"modified":"2018-05-01T12:35:05","modified_gmt":"2018-05-01T12:35:05","slug":"casa-pepa","status":"publish","type":"page","link":"https:\/\/fuegoblanco.com\/DA\/dining\/casa-pepa\/","title":{"rendered":"Casa Pepa"},"content":{"rendered":"<p>Ca. 30 minutters k\u00f8rsel fra Alora, i landsbyen Carratraca, p\u00e5 en smal vej, ligger en gemt perle af spansk landsbys livsstils restaurant inde i et almindeligt hus. Familie fotos p\u00e5 v\u00e6ggene, TV i hj\u00f8rnet, k\u00f8kkenet lige ved siden af bordene, helt som boede du der selv. Der er &#8220;kun&#8221; dagens menu, som er suppe, flere forskellige k\u00f8d retter, en lille dessert, r\u00f8dvin og vand. Prisen er ogs\u00e5 fast (10 euro) og man spiser og drikker til man ikke kan mere. Efter frokost er der kaffe ved naboen p\u00e5 deres flotte blomster terrasse, &#8220;La Bacacha&#8221;.<\/p>\n<p>Ikke \u00e5ben til aftensmad.<\/p>\n<p><div id='gallery-2' class='gallery galleryid-598 gallery-thumbnail'><dl class='gallery-item'><dt class='gallery-icon'><a href='https:\/\/fuegoblanco.com\/wp-content\/uploads\/2018\/05\/kitchen.png'><img class='dd' src='https:\/\/fuegoblanco.com\/wp-content\/uploads\/2018\/05\/kitchen-205x205.png'><\/a><\/dt><\/dl><dl class='gallery-item'><dt class='gallery-icon'><a href='https:\/\/fuegoblanco.com\/wp-content\/uploads\/2018\/05\/pepa2-scaled-e1660773586587.jpg'><img class='dd' src='https:\/\/fuegoblanco.com\/wp-content\/uploads\/2018\/05\/pepa2-scaled-e1660773586587-205x205.jpg'><\/a><\/dt><\/dl><dl class='gallery-item'><dt class='gallery-icon'><a href='https:\/\/fuegoblanco.com\/wp-content\/uploads\/2018\/05\/dinner3-scaled.jpg'><img class='dd' src='https:\/\/fuegoblanco.com\/wp-content\/uploads\/2018\/05\/dinner3-scaled-205x205.jpg'><\/a><\/dt><\/dl><dl class='gallery-item'><dt class='gallery-icon'><a href='https:\/\/fuegoblanco.com\/wp-content\/uploads\/2018\/05\/dinner2-scaled.jpg'><img class='dd' src='https:\/\/fuegoblanco.com\/wp-content\/uploads\/2018\/05\/dinner2-scaled-205x205.jpg'><\/a><\/dt><\/dl><dl class='gallery-item'><dt class='gallery-icon'><a href='https:\/\/fuegoblanco.com\/wp-content\/uploads\/2018\/05\/blom31-scaled-e1660773567227.jpg'><img class='dd' src='https:\/\/fuegoblanco.com\/wp-content\/uploads\/2018\/05\/blom31-scaled-e1660773567227-205x205.jpg'><\/a><\/dt><\/dl><dl class='gallery-item'><dt class='gallery-icon'><a href='https:\/\/fuegoblanco.com\/wp-content\/uploads\/2018\/05\/blom23-scaled-e1660771985544.jpg'><img class='dd' src='https:\/\/fuegoblanco.com\/wp-content\/uploads\/2018\/05\/blom23-scaled-e1660771985544-205x205.jpg'><\/a><\/dt><\/dl><dl class='gallery-item'><dt class='gallery-icon'><a href='https:\/\/fuegoblanco.com\/wp-content\/uploads\/2018\/05\/blom4-scaled-e1660773613905.jpg'><img class='dd' src='https:\/\/fuegoblanco.com\/wp-content\/uploads\/2018\/05\/blom4-scaled-e1660773613905-205x205.jpg'><\/a><\/dt><\/dl><dl class='gallery-item'><dt class='gallery-icon'><a href='https:\/\/fuegoblanco.com\/wp-content\/uploads\/2016\/08\/CCE9F359-AE2C-40E7-9C62-2782544DBA642-rotated-e1660773702370.jpg'><img class='dd' src='https:\/\/fuegoblanco.com\/wp-content\/uploads\/2016\/08\/CCE9F359-AE2C-40E7-9C62-2782544DBA642-rotated-e1660773702370-205x205.jpg'><\/a><\/dt><\/dl><\/div>\n<\/p>","protected":false},"excerpt":{"rendered":"<p>Ca. 30 minutters k\u00f8rsel fra Alora, i landsbyen Carratraca, p\u00e5 en smal vej, ligger en gemt perle af spansk landsbys livsstils restaurant inde i et almindeligt hus. Familie fotos p\u00e5 v\u00e6ggene, TV i hj\u00f8rnet, k\u00f8kkenet lige ved siden af bordene, helt som boede du der selv. Der er &#8220;kun&#8221; dagens menu, som er suppe, flere [&hellip;]<\/p>\n","protected":false},"author":2,"featured_media":0,"parent":594,"menu_order":1,"comment_status":"closed","ping_status":"closed","template":"","meta":{"_acf_changed":false,"_genesis_hide_title":false,"_genesis_hide_breadcrumbs":false,"_genesis_hide_singular_image":false,"_genesis_hide_footer_widgets":false,"_genesis_custom_body_class":"","_genesis_custom_post_class":"","_genesis_layout":"","footnotes":""},"class_list":{"0":"post-598","1":"page","2":"type-page","3":"status-publish","5":"entry"},"acf":[],"_links":{"self":[{"href":"https:\/\/fuegoblanco.com\/DA\/wp-json\/wp\/v2\/pages\/598","targetHints":{"allow":["GET"]}}],"collection":[{"href":"https:\/\/fuegoblanco.com\/DA\/wp-json\/wp\/v2\/pages"}],"about":[{"href":"https:\/\/fuegoblanco.com\/DA\/wp-json\/wp\/v2\/types\/page"}],"author":[{"embeddable":true,"href":"https:\/\/fuegoblanco.com\/DA\/wp-json\/wp\/v2\/users\/2"}],"replies":[{"embeddable":true,"href":"https:\/\/fuegoblanco.com\/DA\/wp-json\/wp\/v2\/comments?post=598"}],"version-history":[{"count":5,"href":"https:\/\/fuegoblanco.com\/DA\/wp-json\/wp\/v2\/pages\/598\/revisions"}],"predecessor-version":[{"id":704,"href":"https:\/\/fuegoblanco.com\/DA\/wp-json\/wp\/v2\/pages\/598\/revisions\/704"}],"up":[{"embeddable":true,"href":"https:\/\/fuegoblanco.com\/DA\/wp-json\/wp\/v2\/pages\/594"}],"wp:attachment":[{"href":"https:\/\/fuegoblanco.com\/DA\/wp-json\/wp\/v2\/media?parent=598"}],"curies":[{"name":"wp","href":"https:\/\/api.w.org\/{rel}","templated":true}]}}