{"id":2,"date":"2016-02-12T22:31:29","date_gmt":"2016-02-12T22:31:29","guid":{"rendered":"http:\/\/fuegoblanco.heyrobot.net\/?page_id=2"},"modified":"2022-10-27T22:08:56","modified_gmt":"2022-10-27T22:08:56","slug":"home","status":"publish","type":"page","link":"https:\/\/fuegoblanco.com\/DA\/","title":{"rendered":"Velkommen til FuegoBlanco"},"content":{"rendered":"<p>FuegoBlanco er en charmerende og prisvindende \u00f8kologisk citrusfarm og Bed &amp; Breakfast med en h\u00f8j rating p\u00e5 Tripadvisor. Vi har en pool og en dejlig grund med 23.000 m2 citrusfarm og have, og er beliggende i det smukke bjergrige Spanien, lige ved byen Alora og t\u00e6t p\u00e5 Malaga s\u00f8erne og El Caminito del Rey.<\/p>","protected":false},"excerpt":{"rendered":"<p>FuegoBlanco er en charmerende og prisvindende \u00f8kologisk citrusfarm og Bed &amp; Breakfast med en h\u00f8j rating p\u00e5 Tripadvisor. Vi har en pool og en dejlig grund med 23.000 m2 citrusfarm og have, og er beliggende i det smukke bjergrige Spanien, lige ved byen Alora og t\u00e6t p\u00e5 Malaga s\u00f8erne og El Caminito del Rey.<\/p>\n","protected":false},"author":1,"featured_media":585,"parent":0,"menu_order":0,"comment_status":"closed","ping_status":"closed","template":"","meta":{"_acf_changed":false,"_genesis_hide_title":false,"_genesis_hide_breadcrumbs":false,"_genesis_hide_singular_image":false,"_genesis_hide_footer_widgets":false,"_genesis_custom_body_class":"","_genesis_custom_post_class":"","_genesis_layout":"","footnotes":""},"class_list":{"0":"post-2","1":"page","2":"type-page","3":"status-publish","4":"has-post-thumbnail","6":"entry"},"acf":[],"_links":{"self":[{"href":"https:\/\/fuegoblanco.com\/DA\/wp-json\/wp\/v2\/pages\/2","targetHints":{"allow":["GET"]}}],"collection":[{"href":"https:\/\/fuegoblanco.com\/DA\/wp-json\/wp\/v2\/pages"}],"about":[{"href":"https:\/\/fuegoblanco.com\/DA\/wp-json\/wp\/v2\/types\/page"}],"author":[{"embeddable":true,"href":"https:\/\/fuegoblanco.com\/DA\/wp-json\/wp\/v2\/users\/1"}],"replies":[{"embeddable":true,"href":"https:\/\/fuegoblanco.com\/DA\/wp-json\/wp\/v2\/comments?post=2"}],"version-history":[{"count":5,"href":"https:\/\/fuegoblanco.com\/DA\/wp-json\/wp\/v2\/pages\/2\/revisions"}],"predecessor-version":[{"id":895,"href":"https:\/\/fuegoblanco.com\/DA\/wp-json\/wp\/v2\/pages\/2\/revisions\/895"}],"wp:featuredmedia":[{"embeddable":true,"href":"https:\/\/fuegoblanco.com\/DA\/wp-json\/wp\/v2\/media\/585"}],"wp:attachment":[{"href":"https:\/\/fuegoblanco.com\/DA\/wp-json\/wp\/v2\/media?parent=2"}],"curies":[{"name":"wp","href":"https:\/\/api.w.org\/{rel}","templated":true}]}}