{"id":145,"date":"2016-02-28T12:53:47","date_gmt":"2016-02-28T12:53:47","guid":{"rendered":"http:\/\/fuegoblanco.heyrobot.net\/?page_id=145"},"modified":"2022-08-17T23:58:01","modified_gmt":"2022-08-17T23:58:01","slug":"book","status":"publish","type":"page","link":"https:\/\/fuegoblanco.com\/DA\/book\/","title":{"rendered":"Book et ophold"},"content":{"rendered":"<p>\n                <div class='gf_browser_gecko gform_wrapper gravity-theme gform-theme--no-framework' data-form-theme='gravity-theme' data-form-index='0' id='gform_wrapper_2' ><div id='gf_2' class='gform_anchor' tabindex='-1'><\/div>\n                        <div class='gform_heading'>\n\t\t\t\t\t\t\t<p class='gform_required_legend'>&quot;<span class=\"gfield_required gfield_required_asterisk\">*<\/span>&quot; indikerer p\u00e5kr\u00e6vede felter<\/p>\n                        <\/div><form method='post' enctype='multipart\/form-data' target='gform_ajax_frame_2' id='gform_2'  action=\"\/DA\/wp-json\/wp\/v2\/pages\/145#gf_2\" data-formid='2' novalidate>\n                        <div class='gform-body gform_body'><div id='gform_fields_2' class='gform_fields top_label form_sublabel_below description_below validation_below'><div id=\"field_2_1\" class=\"gfield gfield--type-date gfield--input-type-datepicker gfield--datepicker-default-icon gf_left_third gfield--width-third gfield_contains_required field_sublabel_below gfield--no-description field_description_below field_validation_below gfield_visibility_visible\"  ><label class='gfield_label gform-field-label' for='input_2_1'>Ankomst Dato<span class=\"gfield_required\"><span class=\"gfield_required gfield_required_asterisk\">*<\/span><\/span><\/label><div class='ginput_container ginput_container_date'>\n                            <input name='input_1' id='input_2_1' type='text' value='' class='datepicker gform-datepicker mdy datepicker_with_icon gdatepicker_with_icon'   placeholder='Ankomst' aria-describedby=\"input_2_1_date_format\" aria-invalid=\"false\" aria-required=\"true\"\/>\n                            <span id='input_2_1_date_format' class='screen-reader-text'>MM skr\u00e5streg DD skr\u00e5streg \u00c5\u00c5\u00c5\u00c5<\/span>\n                        <\/div>\n                        <input type='hidden' id='gforms_calendar_icon_input_2_1' class='gform_hidden' value='https:\/\/fuegoblanco.com\/wp-content\/plugins\/gravityforms\/images\/datepicker\/datepicker.svg'\/><\/div><div id=\"field_2_2\" class=\"gfield gfield--type-date gfield--input-type-datepicker gfield--datepicker-default-icon gf_middle_third gfield--width-third gfield_contains_required field_sublabel_below gfield--no-description field_description_below field_validation_below gfield_visibility_visible\"  ><label class='gfield_label gform-field-label' for='input_2_2'>Afrejse Dato<span class=\"gfield_required\"><span class=\"gfield_required gfield_required_asterisk\">*<\/span><\/span><\/label><div class='ginput_container ginput_container_date'>\n                            <input name='input_2' id='input_2_2' type='text' value='' class='datepicker gform-datepicker mdy datepicker_with_icon gdatepicker_with_icon'   placeholder='Afrejse' aria-describedby=\"input_2_2_date_format\" aria-invalid=\"false\" aria-required=\"true\"\/>\n                            <span id='input_2_2_date_format' class='screen-reader-text'>MM skr\u00e5streg DD skr\u00e5streg \u00c5\u00c5\u00c5\u00c5<\/span>\n                        <\/div>\n                        <input type='hidden' id='gforms_calendar_icon_input_2_2' class='gform_hidden' value='https:\/\/fuegoblanco.com\/wp-content\/plugins\/gravityforms\/images\/datepicker\/datepicker.svg'\/><\/div><div id=\"field_2_3\" class=\"gfield gfield--type-select gf_right_third gfield--width-third gfield_contains_required field_sublabel_below gfield--no-description field_description_below field_validation_below gfield_visibility_visible\"  ><label class='gfield_label gform-field-label' for='input_2_3'>V\u00e6lg et v\u00e6relse<span class=\"gfield_required\"><span class=\"gfield_required gfield_required_asterisk\">*<\/span><\/span><\/label><div class='ginput_container ginput_container_select'><select name='input_3' id='input_2_3' class='large gfield_select'    aria-required=\"true\" aria-invalid=\"false\" ><option value='' selected='selected' class='gf_placeholder'>V\u00e6relse<\/option><option value='Suite med balkon (4 personer)' >Suite med balkon (4 personer)<\/option><option value='V\u00e6relse med dobbeltseng (2 personer)' >V\u00e6relse med dobbeltseng (2 personer)<\/option><option value='V\u00e6relse med 2 enkeltsenge (2 personer)' >V\u00e6relse med 2 enkeltsenge (2 personer)<\/option><option value='Enkeltv\u00e6relse med balkon (1 person)' >Enkeltv\u00e6relse med balkon (1 person)<\/option><\/select><\/div><\/div><div id=\"field_2_7\" class=\"gfield gfield--type-text gf_left_half gfield--width-half gfield_contains_required field_sublabel_below gfield--no-description field_description_below field_validation_below gfield_visibility_visible\"  ><label class='gfield_label gform-field-label' for='input_2_7'>Fornavn<span class=\"gfield_required\"><span class=\"gfield_required gfield_required_asterisk\">*<\/span><\/span><\/label><div class='ginput_container ginput_container_text'><input name='input_7' id='input_2_7' type='text' value='' class='large'    placeholder='Fornavn' aria-required=\"true\" aria-invalid=\"false\"   \/><\/div><\/div><div id=\"field_2_8\" class=\"gfield gfield--type-text gf_right_half gfield--width-half gfield_contains_required field_sublabel_below gfield--no-description field_description_below field_validation_below gfield_visibility_visible\"  ><label class='gfield_label gform-field-label' for='input_2_8'>Efternavn<span class=\"gfield_required\"><span class=\"gfield_required gfield_required_asterisk\">*<\/span><\/span><\/label><div class='ginput_container ginput_container_text'><input name='input_8' id='input_2_8' type='text' value='' class='large'    placeholder='Efternavn' aria-required=\"true\" aria-invalid=\"false\"   \/><\/div><\/div><div id=\"field_2_5\" class=\"gfield gfield--type-email gf_left_half gfield--width-half gfield_contains_required field_sublabel_below gfield--no-description field_description_below field_validation_below gfield_visibility_visible\"  ><label class='gfield_label gform-field-label' for='input_2_5'>Email<span class=\"gfield_required\"><span class=\"gfield_required gfield_required_asterisk\">*<\/span><\/span><\/label><div class='ginput_container ginput_container_email'>\n                            <input name='input_5' id='input_2_5' type='email' value='' class='large'   placeholder='Email' aria-required=\"true\" aria-invalid=\"false\"  \/>\n                        <\/div><\/div><div id=\"field_2_6\" class=\"gfield gfield--type-phone gf_right_half gfield--width-half field_sublabel_below gfield--no-description field_description_below field_validation_below gfield_visibility_visible\"  ><label class='gfield_label gform-field-label' for='input_2_6'>Telefonnummer<\/label><div class='ginput_container ginput_container_phone'><input name='input_6' id='input_2_6' type='tel' value='' class='large'  placeholder='Tlf.'  aria-invalid=\"false\"   \/><\/div><\/div><div id=\"field_2_9\" class=\"gfield gfield--type-textarea field_sublabel_below gfield--no-description field_description_below field_validation_below gfield_visibility_visible\"  ><label class='gfield_label gform-field-label' for='input_2_9'>Sp\u00f8rgsm\u00e5l<\/label><div class='ginput_container ginput_container_textarea'><textarea name='input_9' id='input_2_9' class='textarea medium'    placeholder='Sp\u00f8rgsm\u00e5l'  aria-invalid=\"false\"   rows='10' cols='50'><\/textarea><\/div><\/div><div id=\"field_2_10\" class=\"gfield gfield--type-honeypot gform_validation_container field_sublabel_below gfield--has-description field_description_below field_validation_below gfield_visibility_visible\"  ><label class='gfield_label gform-field-label' for='input_2_10'>Comments<\/label><div class='ginput_container'><input name='input_10' id='input_2_10' type='text' value='' autocomplete='new-password'\/><\/div><div class='gfield_description' id='gfield_description_2_10'>Dette felt er til validering og b\u00f8r ikke \u00e6ndres.<\/div><\/div><\/div><\/div>\n        <div class='gform-footer gform_footer top_label'> <input type='submit' id='gform_submit_button_2' class='gform_button button' onclick='gform.submission.handleButtonClick(this);' data-submission-type='submit' value='Send'  \/> <input type='hidden' name='gform_ajax' value='form_id=2&amp;title=&amp;description=&amp;tabindex=0&amp;theme=gravity-theme&amp;styles=[]&amp;hash=636ef087363c615858a55cee1afdefc8' \/>\n            <input type='hidden' class='gform_hidden' name='gform_submission_method' data-js='gform_submission_method_2' value='iframe' \/>\n            <input type='hidden' class='gform_hidden' name='gform_theme' data-js='gform_theme_2' id='gform_theme_2' value='gravity-theme' \/>\n            <input type='hidden' class='gform_hidden' name='gform_style_settings' data-js='gform_style_settings_2' id='gform_style_settings_2' value='[]' \/>\n            <input type='hidden' class='gform_hidden' name='is_submit_2' value='1' \/>\n            <input type='hidden' class='gform_hidden' name='gform_submit' value='2' \/>\n            \n            <input type='hidden' class='gform_hidden' name='gform_unique_id' value='' \/>\n            <input type='hidden' class='gform_hidden' name='state_2' value='WyJbXSIsImQ0ZmI0Y2M4Njg4YmU5NTRiOTI4OGEwNGY2YjFkNWQxIl0=' \/>\n            <input type='hidden' autocomplete='off' class='gform_hidden' name='gform_target_page_number_2' id='gform_target_page_number_2' value='0' \/>\n            <input type='hidden' autocomplete='off' class='gform_hidden' name='gform_source_page_number_2' id='gform_source_page_number_2' value='1' \/>\n            <input type='hidden' name='gform_field_values' value='' \/>\n            \n        <\/div>\n                        <\/form>\n                        <\/div>\n\t\t                <iframe style='display:none;width:0px;height:0px;' src='about:blank' name='gform_ajax_frame_2' id='gform_ajax_frame_2' title='Denne iframe indeholder logikken, der er kr\u00e6vet for at h\u00e5ndtere Gravity Formularer, der bruger Ajax.'><\/iframe>\n\t\t                <script>\ngform.initializeOnLoaded( function() {gformInitSpinner( 2, 'https:\/\/fuegoblanco.com\/wp-content\/plugins\/gravityforms\/images\/spinner.svg', true );jQuery('#gform_ajax_frame_2').on('load',function(){var contents = jQuery(this).contents().find('*').html();var is_postback = contents.indexOf('GF_AJAX_POSTBACK') >= 0;if(!is_postback){return;}var form_content = jQuery(this).contents().find('#gform_wrapper_2');var is_confirmation = jQuery(this).contents().find('#gform_confirmation_wrapper_2').length > 0;var is_redirect = contents.indexOf('gformRedirect(){') >= 0;var is_form = form_content.length > 0 && ! is_redirect && ! is_confirmation;var mt = parseInt(jQuery('html').css('margin-top'), 10) + parseInt(jQuery('body').css('margin-top'), 10) + 100;if(is_form){jQuery('#gform_wrapper_2').html(form_content.html());if(form_content.hasClass('gform_validation_error')){jQuery('#gform_wrapper_2').addClass('gform_validation_error');} else {jQuery('#gform_wrapper_2').removeClass('gform_validation_error');}setTimeout( function() { \/* delay the scroll by 50 milliseconds to fix a bug in chrome *\/ jQuery(document).scrollTop(jQuery('#gform_wrapper_2').offset().top - mt); }, 50 );if(window['gformInitDatepicker']) {gformInitDatepicker();}if(window['gformInitPriceFields']) {gformInitPriceFields();}var current_page = jQuery('#gform_source_page_number_2').val();gformInitSpinner( 2, 'https:\/\/fuegoblanco.com\/wp-content\/plugins\/gravityforms\/images\/spinner.svg', true );jQuery(document).trigger('gform_page_loaded', [2, current_page]);window['gf_submitting_2'] = false;}else if(!is_redirect){var confirmation_content = jQuery(this).contents().find('.GF_AJAX_POSTBACK').html();if(!confirmation_content){confirmation_content = contents;}jQuery('#gform_wrapper_2').replaceWith(confirmation_content);jQuery(document).scrollTop(jQuery('#gf_2').offset().top - mt);jQuery(document).trigger('gform_confirmation_loaded', [2]);window['gf_submitting_2'] = false;wp.a11y.speak(jQuery('#gform_confirmation_message_2').text());}else{jQuery('#gform_2').append(contents);if(window['gformRedirect']) {gformRedirect();}}jQuery(document).trigger(\"gform_pre_post_render\", [{ formId: \"2\", currentPage: \"current_page\", abort: function() { this.preventDefault(); } }]);                if (event && event.defaultPrevented) {                return;         }        const gformWrapperDiv = document.getElementById( \"gform_wrapper_2\" );        if ( gformWrapperDiv ) {            const visibilitySpan = document.createElement( \"span\" );            visibilitySpan.id = \"gform_visibility_test_2\";            gformWrapperDiv.insertAdjacentElement( \"afterend\", visibilitySpan );        }        const visibilityTestDiv = document.getElementById( \"gform_visibility_test_2\" );        let postRenderFired = false;                function triggerPostRender() {            if ( postRenderFired ) {                return;            }            postRenderFired = true;            gform.core.triggerPostRenderEvents( 2, current_page );            if ( visibilityTestDiv ) {                visibilityTestDiv.parentNode.removeChild( visibilityTestDiv );            }        }        function debounce( func, wait, immediate ) {            var timeout;            return function() {                var context = this, args = arguments;                var later = function() {                    timeout = null;                    if ( !immediate ) func.apply( context, args );                };                var callNow = immediate && !timeout;                clearTimeout( timeout );                timeout = setTimeout( later, wait );                if ( callNow ) func.apply( context, args );            };        }        const debouncedTriggerPostRender = debounce( function() {            triggerPostRender();        }, 200 );        if ( visibilityTestDiv && visibilityTestDiv.offsetParent === null ) {            const observer = new MutationObserver( ( mutations ) => {                mutations.forEach( ( mutation ) => {                    if ( mutation.type === 'attributes' && visibilityTestDiv.offsetParent !== null ) {                        debouncedTriggerPostRender();                        observer.disconnect();                    }                });            });            observer.observe( document.body, {                attributes: true,                childList: false,                subtree: true,                attributeFilter: [ 'style', 'class' ],            });        } else {            triggerPostRender();        }    } );} );\n<\/script>\n<\/p>","protected":false},"excerpt":{"rendered":"","protected":false},"author":1,"featured_media":670,"parent":0,"menu_order":0,"comment_status":"closed","ping_status":"closed","template":"","meta":{"_acf_changed":false,"_genesis_hide_title":false,"_genesis_hide_breadcrumbs":false,"_genesis_hide_singular_image":false,"_genesis_hide_footer_widgets":false,"_genesis_custom_body_class":"","_genesis_custom_post_class":"","_genesis_layout":"","footnotes":""},"class_list":{"0":"post-145","1":"page","2":"type-page","3":"status-publish","4":"has-post-thumbnail","6":"entry"},"acf":[],"_links":{"self":[{"href":"https:\/\/fuegoblanco.com\/DA\/wp-json\/wp\/v2\/pages\/145","targetHints":{"allow":["GET"]}}],"collection":[{"href":"https:\/\/fuegoblanco.com\/DA\/wp-json\/wp\/v2\/pages"}],"about":[{"href":"https:\/\/fuegoblanco.com\/DA\/wp-json\/wp\/v2\/types\/page"}],"author":[{"embeddable":true,"href":"https:\/\/fuegoblanco.com\/DA\/wp-json\/wp\/v2\/users\/1"}],"replies":[{"embeddable":true,"href":"https:\/\/fuegoblanco.com\/DA\/wp-json\/wp\/v2\/comments?post=145"}],"version-history":[{"count":5,"href":"https:\/\/fuegoblanco.com\/DA\/wp-json\/wp\/v2\/pages\/145\/revisions"}],"predecessor-version":[{"id":901,"href":"https:\/\/fuegoblanco.com\/DA\/wp-json\/wp\/v2\/pages\/145\/revisions\/901"}],"wp:featuredmedia":[{"embeddable":true,"href":"https:\/\/fuegoblanco.com\/DA\/wp-json\/wp\/v2\/media\/670"}],"wp:attachment":[{"href":"https:\/\/fuegoblanco.com\/DA\/wp-json\/wp\/v2\/media?parent=145"}],"curies":[{"name":"wp","href":"https:\/\/api.w.org\/{rel}","templated":true}]}}