{"id":119,"date":"2016-02-21T07:22:18","date_gmt":"2016-02-21T07:22:18","guid":{"rendered":"http:\/\/fuegoblanco.heyrobot.net\/?page_id=119"},"modified":"2016-12-20T08:25:01","modified_gmt":"2016-12-20T08:25:01","slug":"thank-you-for-your-booking-request","status":"publish","type":"page","link":"https:\/\/fuegoblanco.com\/DA\/thank-you-for-your-booking-request\/","title":{"rendered":"Tak"},"content":{"rendered":"<p>Mange tak for din henvendelse. Vi vender tilbage til dig hurtigst muligt.<\/p>\n<p>Du er ogs\u00e5 velkommen til at kontakte os p\u00e5 telefon +34 616 925 524<\/p>\n<p>Bes\u00f8g www.fuegoblanco.com for nyttig information, og vi findes ligeledes p\u00e5 Facebook.<\/p>\n<p>Rigtig god dag.<\/p>\n<p>Bedste Hilsener,<\/p>\n<p>Tina Skalander<br \/>\nFuegoBlanco<\/p>","protected":false},"excerpt":{"rendered":"<p>Mange tak for din henvendelse. Vi vender tilbage til dig hurtigst muligt. Du er ogs\u00e5 velkommen til at kontakte os p\u00e5 telefon +34 616 925 524 Bes\u00f8g www.fuegoblanco.com for nyttig information, og vi findes ligeledes p\u00e5 Facebook. Rigtig god dag. Bedste Hilsener, Tina Skalander FuegoBlanco<\/p>\n","protected":false},"author":1,"featured_media":0,"parent":0,"menu_order":0,"comment_status":"closed","ping_status":"closed","template":"","meta":{"_acf_changed":false,"_genesis_hide_title":false,"_genesis_hide_breadcrumbs":false,"_genesis_hide_singular_image":false,"_genesis_hide_footer_widgets":false,"_genesis_custom_body_class":"","_genesis_custom_post_class":"","_genesis_layout":"","footnotes":""},"class_list":{"0":"post-119","1":"page","2":"type-page","3":"status-publish","5":"entry"},"acf":[],"_links":{"self":[{"href":"https:\/\/fuegoblanco.com\/DA\/wp-json\/wp\/v2\/pages\/119","targetHints":{"allow":["GET"]}}],"collection":[{"href":"https:\/\/fuegoblanco.com\/DA\/wp-json\/wp\/v2\/pages"}],"about":[{"href":"https:\/\/fuegoblanco.com\/DA\/wp-json\/wp\/v2\/types\/page"}],"author":[{"embeddable":true,"href":"https:\/\/fuegoblanco.com\/DA\/wp-json\/wp\/v2\/users\/1"}],"replies":[{"embeddable":true,"href":"https:\/\/fuegoblanco.com\/DA\/wp-json\/wp\/v2\/comments?post=119"}],"version-history":[{"count":5,"href":"https:\/\/fuegoblanco.com\/DA\/wp-json\/wp\/v2\/pages\/119\/revisions"}],"predecessor-version":[{"id":535,"href":"https:\/\/fuegoblanco.com\/DA\/wp-json\/wp\/v2\/pages\/119\/revisions\/535"}],"wp:attachment":[{"href":"https:\/\/fuegoblanco.com\/DA\/wp-json\/wp\/v2\/media?parent=119"}],"curies":[{"name":"wp","href":"https:\/\/api.w.org\/{rel}","templated":true}]}}