{"id":11,"date":"2016-02-13T12:26:58","date_gmt":"2016-02-13T12:26:58","guid":{"rendered":"http:\/\/fuegoblanco.heyrobot.net\/?page_id=11"},"modified":"2022-08-17T21:33:14","modified_gmt":"2022-08-17T21:33:14","slug":"contact","status":"publish","type":"page","link":"https:\/\/fuegoblanco.com\/DA\/contact\/","title":{"rendered":"Kontakt"},"content":{"rendered":"<p>FuegoBlanco<br \/>\nCamino Los Aneales<br \/>\n29500\u00a0 Alora, (Malaga)<br \/>\nSpanien<\/p>\n<p><a href=\"tel:+4521216454\">+45 21216454<\/a><br \/>\n<a href=\"mailto:info@fuegoblanco.com\">tina.skalander@gmail.com<\/a><\/p>\n<p>Whattsapp: 0045-21216454<\/p>\n<hr \/>\n<p><iframe loading=\"lazy\" style=\"border: 0px currentColor;\" src=\"https:\/\/www.google.com\/maps\/embed?pb=!1m28!1m12!1m3!1d204610.80948741097!2d-4.737996870639084!3d36.745517373281764!2m3!1f0!2f0!3f0!3m2!1i1024!2i768!4f13.1!4m13!3e6!4m5!1s0xd72fa17fe820e1b%3A0x603a1fa9406ec6e7!2sAeropuerto+de+M%C3%A1laga%2C+Avenida+Comandante+Garc%C3%ADa+Morato%2C+s%2Fn%2C+29004+M%C3%A1laga%2C+Spanien!3m2!1d36.674951799999995!2d-4.4896838!4m5!1s0xd72eac70b343fb1%3A0xaf094a08e31a15a0!2sFuego+Blanco%2C+Camino+Los+Aneales%2C+s%2Fn%2C+29593+Alora%2C+M%C3%A1laga%2C+M%C3%A1laga%2C+Spanien!3m2!1d36.8483413!2d-4.7065826!5e0!3m2!1sda!2sdk!4v1455821125795\" width=\"800\" height=\"600\" frameborder=\"0\" allowfullscreen=\"allowfullscreen\"><\/iframe><\/p>\n<h5>K\u00f8rselsvejledning<\/h5>\n<p>Fra Malaga lufthavn, k\u00f8r mod Malaga ud af lufthavnen, tag MA20 indtil A-357, forts\u00e6t af A-357 indtil A-343. P\u00e5 A-343 er der hurtigt skilte mod Alora.<\/p>\n<p>N\u00e5r du n\u00e6rmer dig Alora, f\u00f8lg skiltene mod El Chorro, de vil tage dig udenom Alora, og du er fri for at komme igennem byens smalle gader. Du passerer en stor restaurant, som hedder Los Caballos, som ligger ved en rundk\u00f8rsel, tag sidste exit, igen st\u00e5r der mod El Chorro, efter ca. 1 km, igen en rundk\u00f8rsel, ogs\u00e5 her st\u00e5r der El Chorro. Nu k\u00f8rer man op ad bjerget, man har Alora p\u00e5 sin venstre side, man rammer ny rundk\u00f8rsel, f\u00f8rste vej ud, mod El Chorro. Efter ca. 2 km kommer der et hvidt skilt p\u00e5 h\u00f8jre side af vejen \u201cFuegoBlanco\u201d, det er lige ved 2 skraldecontainere ved vejkanten, ned der og f\u00f8lg skiltningen \u2013 hele tiden mod h\u00f8jre. Man passerer under en lille bro, kommer til et \u201dT-kryds\u201d og igen til h\u00f8jre af en gammel flodleje vej, og FuegoBlanco er det sidste hus p\u00e5 vejen p\u00e5 din venstre h\u00e5nd. God tur.<\/p>","protected":false},"excerpt":{"rendered":"<p>FuegoBlanco Camino Los Aneales 29500\u00a0 Alora, (Malaga) Spanien +45 21216454 tina.skalander@gmail.com Whattsapp: 0045-21216454 K\u00f8rselsvejledning Fra Malaga lufthavn, k\u00f8r mod Malaga ud af lufthavnen, tag MA20 indtil A-357, forts\u00e6t af A-357 indtil A-343. P\u00e5 A-343 er der hurtigt skilte mod Alora. N\u00e5r du n\u00e6rmer dig Alora, f\u00f8lg skiltene mod El Chorro, de vil tage dig udenom [&hellip;]<\/p>\n","protected":false},"author":1,"featured_media":588,"parent":0,"menu_order":0,"comment_status":"closed","ping_status":"closed","template":"","meta":{"_acf_changed":false,"_genesis_hide_title":false,"_genesis_hide_breadcrumbs":false,"_genesis_hide_singular_image":false,"_genesis_hide_footer_widgets":false,"_genesis_custom_body_class":"","_genesis_custom_post_class":"","_genesis_layout":"","footnotes":""},"class_list":{"0":"post-11","1":"page","2":"type-page","3":"status-publish","4":"has-post-thumbnail","6":"entry"},"acf":[],"_links":{"self":[{"href":"https:\/\/fuegoblanco.com\/DA\/wp-json\/wp\/v2\/pages\/11","targetHints":{"allow":["GET"]}}],"collection":[{"href":"https:\/\/fuegoblanco.com\/DA\/wp-json\/wp\/v2\/pages"}],"about":[{"href":"https:\/\/fuegoblanco.com\/DA\/wp-json\/wp\/v2\/types\/page"}],"author":[{"embeddable":true,"href":"https:\/\/fuegoblanco.com\/DA\/wp-json\/wp\/v2\/users\/1"}],"replies":[{"embeddable":true,"href":"https:\/\/fuegoblanco.com\/DA\/wp-json\/wp\/v2\/comments?post=11"}],"version-history":[{"count":5,"href":"https:\/\/fuegoblanco.com\/DA\/wp-json\/wp\/v2\/pages\/11\/revisions"}],"predecessor-version":[{"id":898,"href":"https:\/\/fuegoblanco.com\/DA\/wp-json\/wp\/v2\/pages\/11\/revisions\/898"}],"wp:featuredmedia":[{"embeddable":true,"href":"https:\/\/fuegoblanco.com\/DA\/wp-json\/wp\/v2\/media\/588"}],"wp:attachment":[{"href":"https:\/\/fuegoblanco.com\/DA\/wp-json\/wp\/v2\/media?parent=11"}],"curies":[{"name":"wp","href":"https:\/\/api.w.org\/{rel}","templated":true}]}}